{"id":2985,"date":"2022-06-30T16:06:52","date_gmt":"2022-06-30T16:06:52","guid":{"rendered":"https:\/\/activebyserenity.com\/algarve\/?post_type=product&#038;p=2985"},"modified":"2022-06-30T16:08:50","modified_gmt":"2022-06-30T16:08:50","slug":"introducao-ao-yoga","status":"publish","type":"product","link":"https:\/\/activebyserenity.com\/algarve\/product\/introducao-ao-yoga\/","title":{"rendered":"Introdu\u00e7\u00e3o ao Yoga"},"content":{"rendered":"<p>Vem relaxar com:<\/p>\n<ul>\n<li>Aula de Yoga (60min)<\/li>\n<li>Sess\u00e3o de Respira\u00e7\u00e3o e Medita\u00e7\u00e3o (30min)<\/li>\n<li>Pequeno-Almo\u00e7o (num conceito de alimenta\u00e7\u00e3o saud\u00e1vel)<\/li>\n<li>Massagem Ayurv\u00e9dica (50min)<\/li>\n<li>O\u00e1sis Termal<\/li>\n<li>Almo\u00e7o (num conceito de alimenta\u00e7\u00e3o saud\u00e1vel)<\/li>\n<\/ul>\n","protected":false},"excerpt":{"rendered":"<p>Vem relaxar com: Aula de Yoga (60min) Sess\u00e3o de Respira\u00e7\u00e3o e Medita\u00e7\u00e3o (30min) Pequeno-Almo\u00e7o (num conceito de alimenta\u00e7\u00e3o saud\u00e1vel) Massagem Ayurv\u00e9dica (50min) O\u00e1sis Termal Almo\u00e7o (num conceito de alimenta\u00e7\u00e3o saud\u00e1vel)<\/p>\n","protected":false},"featured_media":2984,"comment_status":"open","ping_status":"closed","template":"","meta":{"inline_featured_image":false},"product_cat":[50],"product_tag":[85],"class_list":{"0":"post-2985","1":"product","2":"type-product","3":"status-publish","4":"has-post-thumbnail","6":"product_cat-packages","7":"product_tag-pt","9":"first","10":"instock","11":"shipping-taxable","12":"purchasable","13":"product-type-simple"},"yoast_head":"<!-- This site is optimized with the Yoast SEO plugin v24.4 - https:\/\/yoast.com\/wordpress\/plugins\/seo\/ -->\n<title>Introdu\u00e7\u00e3o ao Yoga - Active - Algarve<\/title>\n<meta name=\"robots\" content=\"index, follow, max-snippet:-1, max-image-preview:large, max-video-preview:-1\" \/>\n<link rel=\"canonical\" href=\"https:\/\/activebyserenity.com\/algarve\/product\/introducao-ao-yoga\/\" \/>\n<meta property=\"og:locale\" content=\"en_US\" \/>\n<meta property=\"og:type\" content=\"article\" \/>\n<meta property=\"og:title\" content=\"Introdu\u00e7\u00e3o ao Yoga - Active - Algarve\" \/>\n<meta property=\"og:description\" content=\"Vem relaxar com: Aula de Yoga (60min) Sess\u00e3o de Respira\u00e7\u00e3o e Medita\u00e7\u00e3o (30min) Pequeno-Almo\u00e7o (num conceito de alimenta\u00e7\u00e3o saud\u00e1vel) Massagem Ayurv\u00e9dica (50min) O\u00e1sis Termal Almo\u00e7o (num conceito de alimenta\u00e7\u00e3o saud\u00e1vel)\" \/>\n<meta property=\"og:url\" content=\"https:\/\/activebyserenity.com\/algarve\/product\/introducao-ao-yoga\/\" \/>\n<meta property=\"og:site_name\" content=\"Active - Algarve\" \/>\n<meta property=\"article:modified_time\" content=\"2022-06-30T16:08:50+00:00\" \/>\n<meta property=\"og:image\" content=\"https:\/\/activebyserenity.com\/algarve\/wp-content\/uploads\/sites\/2\/2022\/06\/intro-to-yoga.jpg\" \/>\n\t<meta property=\"og:image:width\" content=\"724\" \/>\n\t<meta property=\"og:image:height\" content=\"440\" \/>\n\t<meta property=\"og:image:type\" content=\"image\/jpeg\" \/>\n<meta name=\"twitter:card\" content=\"summary_large_image\" \/>\n<meta name=\"twitter:label1\" content=\"Est. reading time\" \/>\n\t<meta name=\"twitter:data1\" content=\"1 minute\" \/>\n<script type=\"application\/ld+json\" class=\"yoast-schema-graph\">{\"@context\":\"https:\/\/schema.org\",\"@graph\":[{\"@type\":\"WebPage\",\"@id\":\"https:\/\/activebyserenity.com\/algarve\/product\/introducao-ao-yoga\/\",\"url\":\"https:\/\/activebyserenity.com\/algarve\/product\/introducao-ao-yoga\/\",\"name\":\"Introdu\u00e7\u00e3o ao Yoga - Active - Algarve\",\"isPartOf\":{\"@id\":\"https:\/\/activebyserenity.com\/algarve\/#website\"},\"primaryImageOfPage\":{\"@id\":\"https:\/\/activebyserenity.com\/algarve\/product\/introducao-ao-yoga\/#primaryimage\"},\"image\":{\"@id\":\"https:\/\/activebyserenity.com\/algarve\/product\/introducao-ao-yoga\/#primaryimage\"},\"thumbnailUrl\":\"https:\/\/activebyserenity.com\/algarve\/wp-content\/uploads\/sites\/2\/2022\/06\/intro-to-yoga.jpg\",\"datePublished\":\"2022-06-30T16:06:52+00:00\",\"dateModified\":\"2022-06-30T16:08:50+00:00\",\"breadcrumb\":{\"@id\":\"https:\/\/activebyserenity.com\/algarve\/product\/introducao-ao-yoga\/#breadcrumb\"},\"inLanguage\":\"en-US\",\"potentialAction\":[{\"@type\":\"ReadAction\",\"target\":[\"https:\/\/activebyserenity.com\/algarve\/product\/introducao-ao-yoga\/\"]}]},{\"@type\":\"ImageObject\",\"inLanguage\":\"en-US\",\"@id\":\"https:\/\/activebyserenity.com\/algarve\/product\/introducao-ao-yoga\/#primaryimage\",\"url\":\"https:\/\/activebyserenity.com\/algarve\/wp-content\/uploads\/sites\/2\/2022\/06\/intro-to-yoga.jpg\",\"contentUrl\":\"https:\/\/activebyserenity.com\/algarve\/wp-content\/uploads\/sites\/2\/2022\/06\/intro-to-yoga.jpg\",\"width\":724,\"height\":440,\"caption\":\"woman meditating\"},{\"@type\":\"BreadcrumbList\",\"@id\":\"https:\/\/activebyserenity.com\/algarve\/product\/introducao-ao-yoga\/#breadcrumb\",\"itemListElement\":[{\"@type\":\"ListItem\",\"position\":1,\"name\":\"Shop\",\"item\":\"https:\/\/activebyserenity.com\/algarve\/shop\/\"},{\"@type\":\"ListItem\",\"position\":2,\"name\":\"Introdu\u00e7\u00e3o ao Yoga\"}]},{\"@type\":\"WebSite\",\"@id\":\"https:\/\/activebyserenity.com\/algarve\/#website\",\"url\":\"https:\/\/activebyserenity.com\/algarve\/\",\"name\":\"Active - Algarve\",\"description\":\"by Serenity\",\"publisher\":{\"@id\":\"https:\/\/activebyserenity.com\/algarve\/#organization\"},\"potentialAction\":[{\"@type\":\"SearchAction\",\"target\":{\"@type\":\"EntryPoint\",\"urlTemplate\":\"https:\/\/activebyserenity.com\/algarve\/?s={search_term_string}\"},\"query-input\":{\"@type\":\"PropertyValueSpecification\",\"valueRequired\":true,\"valueName\":\"search_term_string\"}}],\"inLanguage\":\"en-US\"},{\"@type\":\"Organization\",\"@id\":\"https:\/\/activebyserenity.com\/algarve\/#organization\",\"name\":\"Active - Algarve\",\"url\":\"https:\/\/activebyserenity.com\/algarve\/\",\"logo\":{\"@type\":\"ImageObject\",\"inLanguage\":\"en-US\",\"@id\":\"https:\/\/activebyserenity.com\/algarve\/#\/schema\/logo\/image\/\",\"url\":\"https:\/\/activebyserenity.com\/algarve\/wp-content\/uploads\/sites\/2\/2022\/06\/Logo-ACTIVE-white.svg\",\"contentUrl\":\"https:\/\/activebyserenity.com\/algarve\/wp-content\/uploads\/sites\/2\/2022\/06\/Logo-ACTIVE-white.svg\",\"width\":226,\"height\":68,\"caption\":\"Active - Algarve\"},\"image\":{\"@id\":\"https:\/\/activebyserenity.com\/algarve\/#\/schema\/logo\/image\/\"}}]}<\/script>\n<!-- \/ Yoast SEO plugin. -->","yoast_head_json":{"title":"Introdu\u00e7\u00e3o ao Yoga - Active - Algarve","robots":{"index":"index","follow":"follow","max-snippet":"max-snippet:-1","max-image-preview":"max-image-preview:large","max-video-preview":"max-video-preview:-1"},"canonical":"https:\/\/activebyserenity.com\/algarve\/product\/introducao-ao-yoga\/","og_locale":"en_US","og_type":"article","og_title":"Introdu\u00e7\u00e3o ao Yoga - Active - Algarve","og_description":"Vem relaxar com: Aula de Yoga (60min) Sess\u00e3o de Respira\u00e7\u00e3o e Medita\u00e7\u00e3o (30min) Pequeno-Almo\u00e7o (num conceito de alimenta\u00e7\u00e3o saud\u00e1vel) Massagem Ayurv\u00e9dica (50min) O\u00e1sis Termal Almo\u00e7o (num conceito de alimenta\u00e7\u00e3o saud\u00e1vel)","og_url":"https:\/\/activebyserenity.com\/algarve\/product\/introducao-ao-yoga\/","og_site_name":"Active - Algarve","article_modified_time":"2022-06-30T16:08:50+00:00","og_image":[{"width":724,"height":440,"url":"https:\/\/activebyserenity.com\/algarve\/wp-content\/uploads\/sites\/2\/2022\/06\/intro-to-yoga.jpg","type":"image\/jpeg"}],"twitter_card":"summary_large_image","twitter_misc":{"Est. reading time":"1 minute"},"schema":{"@context":"https:\/\/schema.org","@graph":[{"@type":"WebPage","@id":"https:\/\/activebyserenity.com\/algarve\/product\/introducao-ao-yoga\/","url":"https:\/\/activebyserenity.com\/algarve\/product\/introducao-ao-yoga\/","name":"Introdu\u00e7\u00e3o ao Yoga - Active - Algarve","isPartOf":{"@id":"https:\/\/activebyserenity.com\/algarve\/#website"},"primaryImageOfPage":{"@id":"https:\/\/activebyserenity.com\/algarve\/product\/introducao-ao-yoga\/#primaryimage"},"image":{"@id":"https:\/\/activebyserenity.com\/algarve\/product\/introducao-ao-yoga\/#primaryimage"},"thumbnailUrl":"https:\/\/activebyserenity.com\/algarve\/wp-content\/uploads\/sites\/2\/2022\/06\/intro-to-yoga.jpg","datePublished":"2022-06-30T16:06:52+00:00","dateModified":"2022-06-30T16:08:50+00:00","breadcrumb":{"@id":"https:\/\/activebyserenity.com\/algarve\/product\/introducao-ao-yoga\/#breadcrumb"},"inLanguage":"en-US","potentialAction":[{"@type":"ReadAction","target":["https:\/\/activebyserenity.com\/algarve\/product\/introducao-ao-yoga\/"]}]},{"@type":"ImageObject","inLanguage":"en-US","@id":"https:\/\/activebyserenity.com\/algarve\/product\/introducao-ao-yoga\/#primaryimage","url":"https:\/\/activebyserenity.com\/algarve\/wp-content\/uploads\/sites\/2\/2022\/06\/intro-to-yoga.jpg","contentUrl":"https:\/\/activebyserenity.com\/algarve\/wp-content\/uploads\/sites\/2\/2022\/06\/intro-to-yoga.jpg","width":724,"height":440,"caption":"woman meditating"},{"@type":"BreadcrumbList","@id":"https:\/\/activebyserenity.com\/algarve\/product\/introducao-ao-yoga\/#breadcrumb","itemListElement":[{"@type":"ListItem","position":1,"name":"Shop","item":"https:\/\/activebyserenity.com\/algarve\/shop\/"},{"@type":"ListItem","position":2,"name":"Introdu\u00e7\u00e3o ao Yoga"}]},{"@type":"WebSite","@id":"https:\/\/activebyserenity.com\/algarve\/#website","url":"https:\/\/activebyserenity.com\/algarve\/","name":"Active - Algarve","description":"by Serenity","publisher":{"@id":"https:\/\/activebyserenity.com\/algarve\/#organization"},"potentialAction":[{"@type":"SearchAction","target":{"@type":"EntryPoint","urlTemplate":"https:\/\/activebyserenity.com\/algarve\/?s={search_term_string}"},"query-input":{"@type":"PropertyValueSpecification","valueRequired":true,"valueName":"search_term_string"}}],"inLanguage":"en-US"},{"@type":"Organization","@id":"https:\/\/activebyserenity.com\/algarve\/#organization","name":"Active - Algarve","url":"https:\/\/activebyserenity.com\/algarve\/","logo":{"@type":"ImageObject","inLanguage":"en-US","@id":"https:\/\/activebyserenity.com\/algarve\/#\/schema\/logo\/image\/","url":"https:\/\/activebyserenity.com\/algarve\/wp-content\/uploads\/sites\/2\/2022\/06\/Logo-ACTIVE-white.svg","contentUrl":"https:\/\/activebyserenity.com\/algarve\/wp-content\/uploads\/sites\/2\/2022\/06\/Logo-ACTIVE-white.svg","width":226,"height":68,"caption":"Active - Algarve"},"image":{"@id":"https:\/\/activebyserenity.com\/algarve\/#\/schema\/logo\/image\/"}}]}},"_links":{"self":[{"href":"https:\/\/activebyserenity.com\/algarve\/wp-json\/wp\/v2\/product\/2985","targetHints":{"allow":["GET"]}}],"collection":[{"href":"https:\/\/activebyserenity.com\/algarve\/wp-json\/wp\/v2\/product"}],"about":[{"href":"https:\/\/activebyserenity.com\/algarve\/wp-json\/wp\/v2\/types\/product"}],"replies":[{"embeddable":true,"href":"https:\/\/activebyserenity.com\/algarve\/wp-json\/wp\/v2\/comments?post=2985"}],"wp:featuredmedia":[{"embeddable":true,"href":"https:\/\/activebyserenity.com\/algarve\/wp-json\/wp\/v2\/media\/2984"}],"wp:attachment":[{"href":"https:\/\/activebyserenity.com\/algarve\/wp-json\/wp\/v2\/media?parent=2985"}],"wp:term":[{"taxonomy":"product_cat","embeddable":true,"href":"https:\/\/activebyserenity.com\/algarve\/wp-json\/wp\/v2\/product_cat?post=2985"},{"taxonomy":"product_tag","embeddable":true,"href":"https:\/\/activebyserenity.com\/algarve\/wp-json\/wp\/v2\/product_tag?post=2985"}],"curies":[{"name":"wp","href":"https:\/\/api.w.org\/{rel}","templated":true}]}}