{"id":3135,"date":"2022-06-30T19:54:06","date_gmt":"2022-06-30T19:54:06","guid":{"rendered":"https:\/\/activebyserenity.com\/algarve\/?post_type=product&#038;p=3135"},"modified":"2024-01-04T14:27:08","modified_gmt":"2024-01-04T14:27:08","slug":"yoga-nidra-single-3","status":"publish","type":"product","link":"https:\/\/activebyserenity.com\/algarve\/product\/yoga-nidra-single-3\/","title":{"rendered":"Yoga Nidra"},"content":{"rendered":"<p>&#8220;Nidra&#8221; significa &#8220;dormir&#8221;. Durante a pr\u00e1tica de Yoga Nidra, parece que se est\u00e1 a dormir, mas a nossa consci\u00eancia est\u00e1 a funcionar a um n\u00edvel mais profundo de perce\u00e7\u00e3o. Por esta raz\u00e3o, o Yoga Nidra \u00e9 frequentemente designado como um sono ps\u00edquico ou relaxamento profundo com consci\u00eancia interior.<\/p>\n","protected":false},"excerpt":{"rendered":"<p><a href=\"https:\/\/www.google.pt\">View Program<\/a><\/p>\n","protected":false},"featured_media":0,"comment_status":"open","ping_status":"closed","template":"","meta":{"inline_featured_image":false},"product_cat":[57],"product_tag":[85],"class_list":{"0":"post-3135","1":"product","2":"type-product","3":"status-publish","5":"product_cat-yoga","6":"product_tag-pt","8":"first","9":"instock","10":"shipping-taxable","11":"purchasable","12":"product-type-variable"},"yoast_head":"<!-- This site is optimized with the Yoast SEO plugin v24.4 - https:\/\/yoast.com\/wordpress\/plugins\/seo\/ -->\n<title>Yoga Nidra - Active - Algarve<\/title>\n<meta name=\"robots\" content=\"index, follow, max-snippet:-1, max-image-preview:large, max-video-preview:-1\" \/>\n<link rel=\"canonical\" href=\"https:\/\/activebyserenity.com\/algarve\/product\/yoga-nidra-single-3\/\" \/>\n<meta property=\"og:locale\" content=\"en_US\" \/>\n<meta property=\"og:type\" content=\"article\" \/>\n<meta property=\"og:title\" content=\"Yoga Nidra - Active - Algarve\" \/>\n<meta property=\"og:description\" content=\"View Program\" \/>\n<meta property=\"og:url\" content=\"https:\/\/activebyserenity.com\/algarve\/product\/yoga-nidra-single-3\/\" \/>\n<meta property=\"og:site_name\" content=\"Active - Algarve\" \/>\n<meta property=\"article:modified_time\" content=\"2024-01-04T14:27:08+00:00\" \/>\n<meta name=\"twitter:card\" content=\"summary_large_image\" \/>\n<meta name=\"twitter:label1\" content=\"Est. reading time\" \/>\n\t<meta name=\"twitter:data1\" content=\"1 minute\" \/>\n<script type=\"application\/ld+json\" class=\"yoast-schema-graph\">{\"@context\":\"https:\/\/schema.org\",\"@graph\":[{\"@type\":\"WebPage\",\"@id\":\"https:\/\/activebyserenity.com\/algarve\/product\/yoga-nidra-single-3\/\",\"url\":\"https:\/\/activebyserenity.com\/algarve\/product\/yoga-nidra-single-3\/\",\"name\":\"Yoga Nidra - Active - Algarve\",\"isPartOf\":{\"@id\":\"https:\/\/activebyserenity.com\/algarve\/#website\"},\"datePublished\":\"2022-06-30T19:54:06+00:00\",\"dateModified\":\"2024-01-04T14:27:08+00:00\",\"breadcrumb\":{\"@id\":\"https:\/\/activebyserenity.com\/algarve\/product\/yoga-nidra-single-3\/#breadcrumb\"},\"inLanguage\":\"en-US\",\"potentialAction\":[{\"@type\":\"ReadAction\",\"target\":[\"https:\/\/activebyserenity.com\/algarve\/product\/yoga-nidra-single-3\/\"]}]},{\"@type\":\"BreadcrumbList\",\"@id\":\"https:\/\/activebyserenity.com\/algarve\/product\/yoga-nidra-single-3\/#breadcrumb\",\"itemListElement\":[{\"@type\":\"ListItem\",\"position\":1,\"name\":\"Shop\",\"item\":\"https:\/\/activebyserenity.com\/algarve\/shop\/\"},{\"@type\":\"ListItem\",\"position\":2,\"name\":\"Yoga Nidra\"}]},{\"@type\":\"WebSite\",\"@id\":\"https:\/\/activebyserenity.com\/algarve\/#website\",\"url\":\"https:\/\/activebyserenity.com\/algarve\/\",\"name\":\"Active - Algarve\",\"description\":\"by Serenity\",\"publisher\":{\"@id\":\"https:\/\/activebyserenity.com\/algarve\/#organization\"},\"potentialAction\":[{\"@type\":\"SearchAction\",\"target\":{\"@type\":\"EntryPoint\",\"urlTemplate\":\"https:\/\/activebyserenity.com\/algarve\/?s={search_term_string}\"},\"query-input\":{\"@type\":\"PropertyValueSpecification\",\"valueRequired\":true,\"valueName\":\"search_term_string\"}}],\"inLanguage\":\"en-US\"},{\"@type\":\"Organization\",\"@id\":\"https:\/\/activebyserenity.com\/algarve\/#organization\",\"name\":\"Active - Algarve\",\"url\":\"https:\/\/activebyserenity.com\/algarve\/\",\"logo\":{\"@type\":\"ImageObject\",\"inLanguage\":\"en-US\",\"@id\":\"https:\/\/activebyserenity.com\/algarve\/#\/schema\/logo\/image\/\",\"url\":\"https:\/\/activebyserenity.com\/algarve\/wp-content\/uploads\/sites\/2\/2022\/06\/Logo-ACTIVE-white.svg\",\"contentUrl\":\"https:\/\/activebyserenity.com\/algarve\/wp-content\/uploads\/sites\/2\/2022\/06\/Logo-ACTIVE-white.svg\",\"width\":226,\"height\":68,\"caption\":\"Active - Algarve\"},\"image\":{\"@id\":\"https:\/\/activebyserenity.com\/algarve\/#\/schema\/logo\/image\/\"}}]}<\/script>\n<!-- \/ Yoast SEO plugin. -->","yoast_head_json":{"title":"Yoga Nidra - Active - Algarve","robots":{"index":"index","follow":"follow","max-snippet":"max-snippet:-1","max-image-preview":"max-image-preview:large","max-video-preview":"max-video-preview:-1"},"canonical":"https:\/\/activebyserenity.com\/algarve\/product\/yoga-nidra-single-3\/","og_locale":"en_US","og_type":"article","og_title":"Yoga Nidra - Active - Algarve","og_description":"View Program","og_url":"https:\/\/activebyserenity.com\/algarve\/product\/yoga-nidra-single-3\/","og_site_name":"Active - Algarve","article_modified_time":"2024-01-04T14:27:08+00:00","twitter_card":"summary_large_image","twitter_misc":{"Est. reading time":"1 minute"},"schema":{"@context":"https:\/\/schema.org","@graph":[{"@type":"WebPage","@id":"https:\/\/activebyserenity.com\/algarve\/product\/yoga-nidra-single-3\/","url":"https:\/\/activebyserenity.com\/algarve\/product\/yoga-nidra-single-3\/","name":"Yoga Nidra - Active - Algarve","isPartOf":{"@id":"https:\/\/activebyserenity.com\/algarve\/#website"},"datePublished":"2022-06-30T19:54:06+00:00","dateModified":"2024-01-04T14:27:08+00:00","breadcrumb":{"@id":"https:\/\/activebyserenity.com\/algarve\/product\/yoga-nidra-single-3\/#breadcrumb"},"inLanguage":"en-US","potentialAction":[{"@type":"ReadAction","target":["https:\/\/activebyserenity.com\/algarve\/product\/yoga-nidra-single-3\/"]}]},{"@type":"BreadcrumbList","@id":"https:\/\/activebyserenity.com\/algarve\/product\/yoga-nidra-single-3\/#breadcrumb","itemListElement":[{"@type":"ListItem","position":1,"name":"Shop","item":"https:\/\/activebyserenity.com\/algarve\/shop\/"},{"@type":"ListItem","position":2,"name":"Yoga Nidra"}]},{"@type":"WebSite","@id":"https:\/\/activebyserenity.com\/algarve\/#website","url":"https:\/\/activebyserenity.com\/algarve\/","name":"Active - Algarve","description":"by Serenity","publisher":{"@id":"https:\/\/activebyserenity.com\/algarve\/#organization"},"potentialAction":[{"@type":"SearchAction","target":{"@type":"EntryPoint","urlTemplate":"https:\/\/activebyserenity.com\/algarve\/?s={search_term_string}"},"query-input":{"@type":"PropertyValueSpecification","valueRequired":true,"valueName":"search_term_string"}}],"inLanguage":"en-US"},{"@type":"Organization","@id":"https:\/\/activebyserenity.com\/algarve\/#organization","name":"Active - Algarve","url":"https:\/\/activebyserenity.com\/algarve\/","logo":{"@type":"ImageObject","inLanguage":"en-US","@id":"https:\/\/activebyserenity.com\/algarve\/#\/schema\/logo\/image\/","url":"https:\/\/activebyserenity.com\/algarve\/wp-content\/uploads\/sites\/2\/2022\/06\/Logo-ACTIVE-white.svg","contentUrl":"https:\/\/activebyserenity.com\/algarve\/wp-content\/uploads\/sites\/2\/2022\/06\/Logo-ACTIVE-white.svg","width":226,"height":68,"caption":"Active - Algarve"},"image":{"@id":"https:\/\/activebyserenity.com\/algarve\/#\/schema\/logo\/image\/"}}]}},"_links":{"self":[{"href":"https:\/\/activebyserenity.com\/algarve\/wp-json\/wp\/v2\/product\/3135","targetHints":{"allow":["GET"]}}],"collection":[{"href":"https:\/\/activebyserenity.com\/algarve\/wp-json\/wp\/v2\/product"}],"about":[{"href":"https:\/\/activebyserenity.com\/algarve\/wp-json\/wp\/v2\/types\/product"}],"replies":[{"embeddable":true,"href":"https:\/\/activebyserenity.com\/algarve\/wp-json\/wp\/v2\/comments?post=3135"}],"wp:attachment":[{"href":"https:\/\/activebyserenity.com\/algarve\/wp-json\/wp\/v2\/media?parent=3135"}],"wp:term":[{"taxonomy":"product_cat","embeddable":true,"href":"https:\/\/activebyserenity.com\/algarve\/wp-json\/wp\/v2\/product_cat?post=3135"},{"taxonomy":"product_tag","embeddable":true,"href":"https:\/\/activebyserenity.com\/algarve\/wp-json\/wp\/v2\/product_tag?post=3135"}],"curies":[{"name":"wp","href":"https:\/\/api.w.org\/{rel}","templated":true}]}}