{"id":9967,"date":"2026-04-02T20:24:22","date_gmt":"2026-04-02T20:24:22","guid":{"rendered":"https:\/\/activebyserenity.com\/algarve\/?post_type=product&#038;p=9967"},"modified":"2026-04-02T20:29:23","modified_gmt":"2026-04-02T20:29:23","slug":"detox-flow","status":"publish","type":"product","link":"https:\/\/activebyserenity.com\/algarve\/detox-flow","title":{"rendered":"Detox Flow"},"content":{"rendered":"<div>\n<p class=\"x_xmsonormal\"><span lang=\"PT\" data-olk-copy-source=\"MessageBody\">Siga o Detox Flow este Abril e recarregue baterias com Pilates e Yoga!<\/span><\/p>\n<p>&nbsp;<\/p>\n<p class=\"x_xmsonormal\"><strong><span lang=\"PT\">A promo\u00e7\u00e3o inclui: 1x sess\u00e3o Pilates 60min &amp; 1x sess\u00e3o Yoga 90min<\/span><\/strong><\/p>\n<\/div>\n<p style=\"font-weight: 400;\">\n","protected":false},"excerpt":{"rendered":"<p>Siga o Detox Flow este Abril e recarregue baterias com Pilates e Yoga! &nbsp; A promo\u00e7\u00e3o inclui: 1x sess\u00e3o Pilates 60min &amp; 1x sess\u00e3o Yoga 90min<\/p>\n","protected":false},"featured_media":9968,"comment_status":"open","ping_status":"closed","template":"","meta":{"inline_featured_image":false},"product_cat":[51],"product_tag":[85],"class_list":{"0":"post-9967","1":"product","2":"type-product","3":"status-publish","4":"has-post-thumbnail","6":"product_cat-offers","7":"product_tag-pt","9":"first","10":"instock","11":"shipping-taxable","12":"purchasable","13":"product-type-simple"},"yoast_head":"<!-- This site is optimized with the Yoast SEO plugin v24.4 - https:\/\/yoast.com\/wordpress\/plugins\/seo\/ -->\n<title>Detox Flow - Active - Algarve<\/title>\n<meta name=\"robots\" content=\"index, follow, max-snippet:-1, max-image-preview:large, max-video-preview:-1\" \/>\n<link rel=\"canonical\" href=\"https:\/\/activebyserenity.com\/algarve\/detox-flow\" \/>\n<meta property=\"og:locale\" content=\"en_US\" \/>\n<meta property=\"og:type\" content=\"article\" \/>\n<meta property=\"og:title\" content=\"Detox Flow - Active - Algarve\" \/>\n<meta property=\"og:description\" content=\"Siga o Detox Flow este Abril e recarregue baterias com Pilates e Yoga! &nbsp; A promo\u00e7\u00e3o inclui: 1x sess\u00e3o Pilates 60min &amp; 1x sess\u00e3o Yoga 90min\" \/>\n<meta property=\"og:url\" content=\"https:\/\/activebyserenity.com\/algarve\/detox-flow\" \/>\n<meta property=\"og:site_name\" content=\"Active - Algarve\" \/>\n<meta property=\"article:modified_time\" content=\"2026-04-02T20:29:23+00:00\" \/>\n<meta property=\"og:image\" content=\"https:\/\/activebyserenity.com\/algarve\/wp-content\/uploads\/sites\/2\/2026\/04\/Promo-Active-Abril-Detox-Flow-scaled.jpg\" \/>\n\t<meta property=\"og:image:width\" content=\"1707\" \/>\n\t<meta property=\"og:image:height\" content=\"2560\" \/>\n\t<meta property=\"og:image:type\" content=\"image\/jpeg\" \/>\n<meta name=\"twitter:card\" content=\"summary_large_image\" \/>\n<meta name=\"twitter:label1\" content=\"Est. reading time\" \/>\n\t<meta name=\"twitter:data1\" content=\"1 minute\" \/>\n<script type=\"application\/ld+json\" class=\"yoast-schema-graph\">{\"@context\":\"https:\/\/schema.org\",\"@graph\":[{\"@type\":\"WebPage\",\"@id\":\"https:\/\/activebyserenity.com\/algarve\/detox-flow\",\"url\":\"https:\/\/activebyserenity.com\/algarve\/detox-flow\",\"name\":\"Detox Flow - Active - Algarve\",\"isPartOf\":{\"@id\":\"https:\/\/activebyserenity.com\/algarve\/#website\"},\"primaryImageOfPage\":{\"@id\":\"https:\/\/activebyserenity.com\/algarve\/detox-flow#primaryimage\"},\"image\":{\"@id\":\"https:\/\/activebyserenity.com\/algarve\/detox-flow#primaryimage\"},\"thumbnailUrl\":\"https:\/\/activebyserenity.com\/algarve\/wp-content\/uploads\/sites\/2\/2026\/04\/Promo-Active-Abril-Detox-Flow-scaled.jpg\",\"datePublished\":\"2026-04-02T20:24:22+00:00\",\"dateModified\":\"2026-04-02T20:29:23+00:00\",\"breadcrumb\":{\"@id\":\"https:\/\/activebyserenity.com\/algarve\/detox-flow#breadcrumb\"},\"inLanguage\":\"en-US\",\"potentialAction\":[{\"@type\":\"ReadAction\",\"target\":[\"https:\/\/activebyserenity.com\/algarve\/detox-flow\"]}]},{\"@type\":\"ImageObject\",\"inLanguage\":\"en-US\",\"@id\":\"https:\/\/activebyserenity.com\/algarve\/detox-flow#primaryimage\",\"url\":\"https:\/\/activebyserenity.com\/algarve\/wp-content\/uploads\/sites\/2\/2026\/04\/Promo-Active-Abril-Detox-Flow-scaled.jpg\",\"contentUrl\":\"https:\/\/activebyserenity.com\/algarve\/wp-content\/uploads\/sites\/2\/2026\/04\/Promo-Active-Abril-Detox-Flow-scaled.jpg\",\"width\":1707,\"height\":2560,\"caption\":\"PINE CLIFFS\"},{\"@type\":\"BreadcrumbList\",\"@id\":\"https:\/\/activebyserenity.com\/algarve\/detox-flow#breadcrumb\",\"itemListElement\":[{\"@type\":\"ListItem\",\"position\":1,\"name\":\"Shop\",\"item\":\"https:\/\/activebyserenity.com\/algarve\/shop\/\"},{\"@type\":\"ListItem\",\"position\":2,\"name\":\"Detox Flow\"}]},{\"@type\":\"WebSite\",\"@id\":\"https:\/\/activebyserenity.com\/algarve\/#website\",\"url\":\"https:\/\/activebyserenity.com\/algarve\/\",\"name\":\"Active - Algarve\",\"description\":\"by Serenity\",\"publisher\":{\"@id\":\"https:\/\/activebyserenity.com\/algarve\/#organization\"},\"potentialAction\":[{\"@type\":\"SearchAction\",\"target\":{\"@type\":\"EntryPoint\",\"urlTemplate\":\"https:\/\/activebyserenity.com\/algarve\/?s={search_term_string}\"},\"query-input\":{\"@type\":\"PropertyValueSpecification\",\"valueRequired\":true,\"valueName\":\"search_term_string\"}}],\"inLanguage\":\"en-US\"},{\"@type\":\"Organization\",\"@id\":\"https:\/\/activebyserenity.com\/algarve\/#organization\",\"name\":\"Active - Algarve\",\"url\":\"https:\/\/activebyserenity.com\/algarve\/\",\"logo\":{\"@type\":\"ImageObject\",\"inLanguage\":\"en-US\",\"@id\":\"https:\/\/activebyserenity.com\/algarve\/#\/schema\/logo\/image\/\",\"url\":\"https:\/\/activebyserenity.com\/algarve\/wp-content\/uploads\/sites\/2\/2022\/06\/Logo-ACTIVE-white.svg\",\"contentUrl\":\"https:\/\/activebyserenity.com\/algarve\/wp-content\/uploads\/sites\/2\/2022\/06\/Logo-ACTIVE-white.svg\",\"width\":226,\"height\":68,\"caption\":\"Active - Algarve\"},\"image\":{\"@id\":\"https:\/\/activebyserenity.com\/algarve\/#\/schema\/logo\/image\/\"}}]}<\/script>\n<!-- \/ Yoast SEO plugin. -->","yoast_head_json":{"title":"Detox Flow - Active - Algarve","robots":{"index":"index","follow":"follow","max-snippet":"max-snippet:-1","max-image-preview":"max-image-preview:large","max-video-preview":"max-video-preview:-1"},"canonical":"https:\/\/activebyserenity.com\/algarve\/detox-flow","og_locale":"en_US","og_type":"article","og_title":"Detox Flow - Active - Algarve","og_description":"Siga o Detox Flow este Abril e recarregue baterias com Pilates e Yoga! &nbsp; A promo\u00e7\u00e3o inclui: 1x sess\u00e3o Pilates 60min &amp; 1x sess\u00e3o Yoga 90min","og_url":"https:\/\/activebyserenity.com\/algarve\/detox-flow","og_site_name":"Active - Algarve","article_modified_time":"2026-04-02T20:29:23+00:00","og_image":[{"width":1707,"height":2560,"url":"https:\/\/activebyserenity.com\/algarve\/wp-content\/uploads\/sites\/2\/2026\/04\/Promo-Active-Abril-Detox-Flow-scaled.jpg","type":"image\/jpeg"}],"twitter_card":"summary_large_image","twitter_misc":{"Est. reading time":"1 minute"},"schema":{"@context":"https:\/\/schema.org","@graph":[{"@type":"WebPage","@id":"https:\/\/activebyserenity.com\/algarve\/detox-flow","url":"https:\/\/activebyserenity.com\/algarve\/detox-flow","name":"Detox Flow - Active - Algarve","isPartOf":{"@id":"https:\/\/activebyserenity.com\/algarve\/#website"},"primaryImageOfPage":{"@id":"https:\/\/activebyserenity.com\/algarve\/detox-flow#primaryimage"},"image":{"@id":"https:\/\/activebyserenity.com\/algarve\/detox-flow#primaryimage"},"thumbnailUrl":"https:\/\/activebyserenity.com\/algarve\/wp-content\/uploads\/sites\/2\/2026\/04\/Promo-Active-Abril-Detox-Flow-scaled.jpg","datePublished":"2026-04-02T20:24:22+00:00","dateModified":"2026-04-02T20:29:23+00:00","breadcrumb":{"@id":"https:\/\/activebyserenity.com\/algarve\/detox-flow#breadcrumb"},"inLanguage":"en-US","potentialAction":[{"@type":"ReadAction","target":["https:\/\/activebyserenity.com\/algarve\/detox-flow"]}]},{"@type":"ImageObject","inLanguage":"en-US","@id":"https:\/\/activebyserenity.com\/algarve\/detox-flow#primaryimage","url":"https:\/\/activebyserenity.com\/algarve\/wp-content\/uploads\/sites\/2\/2026\/04\/Promo-Active-Abril-Detox-Flow-scaled.jpg","contentUrl":"https:\/\/activebyserenity.com\/algarve\/wp-content\/uploads\/sites\/2\/2026\/04\/Promo-Active-Abril-Detox-Flow-scaled.jpg","width":1707,"height":2560,"caption":"PINE CLIFFS"},{"@type":"BreadcrumbList","@id":"https:\/\/activebyserenity.com\/algarve\/detox-flow#breadcrumb","itemListElement":[{"@type":"ListItem","position":1,"name":"Shop","item":"https:\/\/activebyserenity.com\/algarve\/shop\/"},{"@type":"ListItem","position":2,"name":"Detox Flow"}]},{"@type":"WebSite","@id":"https:\/\/activebyserenity.com\/algarve\/#website","url":"https:\/\/activebyserenity.com\/algarve\/","name":"Active - Algarve","description":"by Serenity","publisher":{"@id":"https:\/\/activebyserenity.com\/algarve\/#organization"},"potentialAction":[{"@type":"SearchAction","target":{"@type":"EntryPoint","urlTemplate":"https:\/\/activebyserenity.com\/algarve\/?s={search_term_string}"},"query-input":{"@type":"PropertyValueSpecification","valueRequired":true,"valueName":"search_term_string"}}],"inLanguage":"en-US"},{"@type":"Organization","@id":"https:\/\/activebyserenity.com\/algarve\/#organization","name":"Active - Algarve","url":"https:\/\/activebyserenity.com\/algarve\/","logo":{"@type":"ImageObject","inLanguage":"en-US","@id":"https:\/\/activebyserenity.com\/algarve\/#\/schema\/logo\/image\/","url":"https:\/\/activebyserenity.com\/algarve\/wp-content\/uploads\/sites\/2\/2022\/06\/Logo-ACTIVE-white.svg","contentUrl":"https:\/\/activebyserenity.com\/algarve\/wp-content\/uploads\/sites\/2\/2022\/06\/Logo-ACTIVE-white.svg","width":226,"height":68,"caption":"Active - Algarve"},"image":{"@id":"https:\/\/activebyserenity.com\/algarve\/#\/schema\/logo\/image\/"}}]}},"_links":{"self":[{"href":"https:\/\/activebyserenity.com\/algarve\/wp-json\/wp\/v2\/product\/9967","targetHints":{"allow":["GET"]}}],"collection":[{"href":"https:\/\/activebyserenity.com\/algarve\/wp-json\/wp\/v2\/product"}],"about":[{"href":"https:\/\/activebyserenity.com\/algarve\/wp-json\/wp\/v2\/types\/product"}],"replies":[{"embeddable":true,"href":"https:\/\/activebyserenity.com\/algarve\/wp-json\/wp\/v2\/comments?post=9967"}],"wp:featuredmedia":[{"embeddable":true,"href":"https:\/\/activebyserenity.com\/algarve\/wp-json\/wp\/v2\/media\/9968"}],"wp:attachment":[{"href":"https:\/\/activebyserenity.com\/algarve\/wp-json\/wp\/v2\/media?parent=9967"}],"wp:term":[{"taxonomy":"product_cat","embeddable":true,"href":"https:\/\/activebyserenity.com\/algarve\/wp-json\/wp\/v2\/product_cat?post=9967"},{"taxonomy":"product_tag","embeddable":true,"href":"https:\/\/activebyserenity.com\/algarve\/wp-json\/wp\/v2\/product_tag?post=9967"}],"curies":[{"name":"wp","href":"https:\/\/api.w.org\/{rel}","templated":true}]}}