{"id":9977,"date":"2026-04-06T13:50:15","date_gmt":"2026-04-06T13:50:15","guid":{"rendered":"https:\/\/activebyserenity.com\/algarve\/?post_type=product&#038;p=9977"},"modified":"2026-04-06T13:56:07","modified_gmt":"2026-04-06T13:56:07","slug":"active-easter","status":"publish","type":"product","link":"https:\/\/activebyserenity.com\/algarve\/active-easter","title":{"rendered":"Active Easter"},"content":{"rendered":"<div>\n<p class=\"x_xmsonormal\"><span lang=\"PT\" data-olk-copy-source=\"MessageBody\">Uma experi\u00eancia em fam\u00edlia repleta de divers\u00e3o, com atividades para todos os gostos, desde Pilates at\u00e9 circuitos de boxe.<\/span><\/p>\n<p><strong>Max. 3 pessoas<\/strong><\/p>\n<\/div>\n","protected":false},"excerpt":{"rendered":"<p>Uma experi\u00eancia em fam\u00edlia repleta de divers\u00e3o, com atividades para todos os gostos, desde Pilates at\u00e9 circuitos de boxe. Max. 3 pessoas<\/p>\n","protected":false},"featured_media":9978,"comment_status":"open","ping_status":"closed","template":"","meta":{"inline_featured_image":false},"product_cat":[51],"product_tag":[85],"class_list":{"0":"post-9977","1":"product","2":"type-product","3":"status-publish","4":"has-post-thumbnail","6":"product_cat-offers","7":"product_tag-pt","9":"first","10":"instock","11":"shipping-taxable","12":"purchasable","13":"product-type-simple"},"yoast_head":"<!-- This site is optimized with the Yoast SEO plugin v24.4 - https:\/\/yoast.com\/wordpress\/plugins\/seo\/ -->\n<title>Active Easter - Active - Algarve<\/title>\n<meta name=\"robots\" content=\"index, follow, max-snippet:-1, max-image-preview:large, max-video-preview:-1\" \/>\n<link rel=\"canonical\" href=\"https:\/\/activebyserenity.com\/algarve\/active-easter\" \/>\n<meta property=\"og:locale\" content=\"en_US\" \/>\n<meta property=\"og:type\" content=\"article\" \/>\n<meta property=\"og:title\" content=\"Active Easter - Active - Algarve\" \/>\n<meta property=\"og:description\" content=\"Uma experi\u00eancia em fam\u00edlia repleta de divers\u00e3o, com atividades para todos os gostos, desde Pilates at\u00e9 circuitos de boxe. Max. 3 pessoas\" \/>\n<meta property=\"og:url\" content=\"https:\/\/activebyserenity.com\/algarve\/active-easter\" \/>\n<meta property=\"og:site_name\" content=\"Active - Algarve\" \/>\n<meta property=\"article:modified_time\" content=\"2026-04-06T13:56:07+00:00\" \/>\n<meta property=\"og:image\" content=\"https:\/\/activebyserenity.com\/algarve\/wp-content\/uploads\/sites\/2\/2026\/04\/PCR_PCGA_2018_ieva.studio00002-scaled.jpg\" \/>\n\t<meta property=\"og:image:width\" content=\"1707\" \/>\n\t<meta property=\"og:image:height\" content=\"2560\" \/>\n\t<meta property=\"og:image:type\" content=\"image\/jpeg\" \/>\n<meta name=\"twitter:card\" content=\"summary_large_image\" \/>\n<meta name=\"twitter:label1\" content=\"Est. reading time\" \/>\n\t<meta name=\"twitter:data1\" content=\"1 minute\" \/>\n<script type=\"application\/ld+json\" class=\"yoast-schema-graph\">{\"@context\":\"https:\/\/schema.org\",\"@graph\":[{\"@type\":\"WebPage\",\"@id\":\"https:\/\/activebyserenity.com\/algarve\/active-easter\",\"url\":\"https:\/\/activebyserenity.com\/algarve\/active-easter\",\"name\":\"Active Easter - Active - Algarve\",\"isPartOf\":{\"@id\":\"https:\/\/activebyserenity.com\/algarve\/#website\"},\"primaryImageOfPage\":{\"@id\":\"https:\/\/activebyserenity.com\/algarve\/active-easter#primaryimage\"},\"image\":{\"@id\":\"https:\/\/activebyserenity.com\/algarve\/active-easter#primaryimage\"},\"thumbnailUrl\":\"https:\/\/activebyserenity.com\/algarve\/wp-content\/uploads\/sites\/2\/2026\/04\/PCR_PCGA_2018_ieva.studio00002-scaled.jpg\",\"datePublished\":\"2026-04-06T13:50:15+00:00\",\"dateModified\":\"2026-04-06T13:56:07+00:00\",\"breadcrumb\":{\"@id\":\"https:\/\/activebyserenity.com\/algarve\/active-easter#breadcrumb\"},\"inLanguage\":\"en-US\",\"potentialAction\":[{\"@type\":\"ReadAction\",\"target\":[\"https:\/\/activebyserenity.com\/algarve\/active-easter\"]}]},{\"@type\":\"ImageObject\",\"inLanguage\":\"en-US\",\"@id\":\"https:\/\/activebyserenity.com\/algarve\/active-easter#primaryimage\",\"url\":\"https:\/\/activebyserenity.com\/algarve\/wp-content\/uploads\/sites\/2\/2026\/04\/PCR_PCGA_2018_ieva.studio00002-scaled.jpg\",\"contentUrl\":\"https:\/\/activebyserenity.com\/algarve\/wp-content\/uploads\/sites\/2\/2026\/04\/PCR_PCGA_2018_ieva.studio00002-scaled.jpg\",\"width\":1707,\"height\":2560},{\"@type\":\"BreadcrumbList\",\"@id\":\"https:\/\/activebyserenity.com\/algarve\/active-easter#breadcrumb\",\"itemListElement\":[{\"@type\":\"ListItem\",\"position\":1,\"name\":\"Shop\",\"item\":\"https:\/\/activebyserenity.com\/algarve\/shop\/\"},{\"@type\":\"ListItem\",\"position\":2,\"name\":\"Active Easter\"}]},{\"@type\":\"WebSite\",\"@id\":\"https:\/\/activebyserenity.com\/algarve\/#website\",\"url\":\"https:\/\/activebyserenity.com\/algarve\/\",\"name\":\"Active - Algarve\",\"description\":\"by Serenity\",\"publisher\":{\"@id\":\"https:\/\/activebyserenity.com\/algarve\/#organization\"},\"potentialAction\":[{\"@type\":\"SearchAction\",\"target\":{\"@type\":\"EntryPoint\",\"urlTemplate\":\"https:\/\/activebyserenity.com\/algarve\/?s={search_term_string}\"},\"query-input\":{\"@type\":\"PropertyValueSpecification\",\"valueRequired\":true,\"valueName\":\"search_term_string\"}}],\"inLanguage\":\"en-US\"},{\"@type\":\"Organization\",\"@id\":\"https:\/\/activebyserenity.com\/algarve\/#organization\",\"name\":\"Active - Algarve\",\"url\":\"https:\/\/activebyserenity.com\/algarve\/\",\"logo\":{\"@type\":\"ImageObject\",\"inLanguage\":\"en-US\",\"@id\":\"https:\/\/activebyserenity.com\/algarve\/#\/schema\/logo\/image\/\",\"url\":\"https:\/\/activebyserenity.com\/algarve\/wp-content\/uploads\/sites\/2\/2022\/06\/Logo-ACTIVE-white.svg\",\"contentUrl\":\"https:\/\/activebyserenity.com\/algarve\/wp-content\/uploads\/sites\/2\/2022\/06\/Logo-ACTIVE-white.svg\",\"width\":226,\"height\":68,\"caption\":\"Active - Algarve\"},\"image\":{\"@id\":\"https:\/\/activebyserenity.com\/algarve\/#\/schema\/logo\/image\/\"}}]}<\/script>\n<!-- \/ Yoast SEO plugin. -->","yoast_head_json":{"title":"Active Easter - Active - Algarve","robots":{"index":"index","follow":"follow","max-snippet":"max-snippet:-1","max-image-preview":"max-image-preview:large","max-video-preview":"max-video-preview:-1"},"canonical":"https:\/\/activebyserenity.com\/algarve\/active-easter","og_locale":"en_US","og_type":"article","og_title":"Active Easter - Active - Algarve","og_description":"Uma experi\u00eancia em fam\u00edlia repleta de divers\u00e3o, com atividades para todos os gostos, desde Pilates at\u00e9 circuitos de boxe. Max. 3 pessoas","og_url":"https:\/\/activebyserenity.com\/algarve\/active-easter","og_site_name":"Active - Algarve","article_modified_time":"2026-04-06T13:56:07+00:00","og_image":[{"width":1707,"height":2560,"url":"https:\/\/activebyserenity.com\/algarve\/wp-content\/uploads\/sites\/2\/2026\/04\/PCR_PCGA_2018_ieva.studio00002-scaled.jpg","type":"image\/jpeg"}],"twitter_card":"summary_large_image","twitter_misc":{"Est. reading time":"1 minute"},"schema":{"@context":"https:\/\/schema.org","@graph":[{"@type":"WebPage","@id":"https:\/\/activebyserenity.com\/algarve\/active-easter","url":"https:\/\/activebyserenity.com\/algarve\/active-easter","name":"Active Easter - Active - Algarve","isPartOf":{"@id":"https:\/\/activebyserenity.com\/algarve\/#website"},"primaryImageOfPage":{"@id":"https:\/\/activebyserenity.com\/algarve\/active-easter#primaryimage"},"image":{"@id":"https:\/\/activebyserenity.com\/algarve\/active-easter#primaryimage"},"thumbnailUrl":"https:\/\/activebyserenity.com\/algarve\/wp-content\/uploads\/sites\/2\/2026\/04\/PCR_PCGA_2018_ieva.studio00002-scaled.jpg","datePublished":"2026-04-06T13:50:15+00:00","dateModified":"2026-04-06T13:56:07+00:00","breadcrumb":{"@id":"https:\/\/activebyserenity.com\/algarve\/active-easter#breadcrumb"},"inLanguage":"en-US","potentialAction":[{"@type":"ReadAction","target":["https:\/\/activebyserenity.com\/algarve\/active-easter"]}]},{"@type":"ImageObject","inLanguage":"en-US","@id":"https:\/\/activebyserenity.com\/algarve\/active-easter#primaryimage","url":"https:\/\/activebyserenity.com\/algarve\/wp-content\/uploads\/sites\/2\/2026\/04\/PCR_PCGA_2018_ieva.studio00002-scaled.jpg","contentUrl":"https:\/\/activebyserenity.com\/algarve\/wp-content\/uploads\/sites\/2\/2026\/04\/PCR_PCGA_2018_ieva.studio00002-scaled.jpg","width":1707,"height":2560},{"@type":"BreadcrumbList","@id":"https:\/\/activebyserenity.com\/algarve\/active-easter#breadcrumb","itemListElement":[{"@type":"ListItem","position":1,"name":"Shop","item":"https:\/\/activebyserenity.com\/algarve\/shop\/"},{"@type":"ListItem","position":2,"name":"Active Easter"}]},{"@type":"WebSite","@id":"https:\/\/activebyserenity.com\/algarve\/#website","url":"https:\/\/activebyserenity.com\/algarve\/","name":"Active - Algarve","description":"by Serenity","publisher":{"@id":"https:\/\/activebyserenity.com\/algarve\/#organization"},"potentialAction":[{"@type":"SearchAction","target":{"@type":"EntryPoint","urlTemplate":"https:\/\/activebyserenity.com\/algarve\/?s={search_term_string}"},"query-input":{"@type":"PropertyValueSpecification","valueRequired":true,"valueName":"search_term_string"}}],"inLanguage":"en-US"},{"@type":"Organization","@id":"https:\/\/activebyserenity.com\/algarve\/#organization","name":"Active - Algarve","url":"https:\/\/activebyserenity.com\/algarve\/","logo":{"@type":"ImageObject","inLanguage":"en-US","@id":"https:\/\/activebyserenity.com\/algarve\/#\/schema\/logo\/image\/","url":"https:\/\/activebyserenity.com\/algarve\/wp-content\/uploads\/sites\/2\/2022\/06\/Logo-ACTIVE-white.svg","contentUrl":"https:\/\/activebyserenity.com\/algarve\/wp-content\/uploads\/sites\/2\/2022\/06\/Logo-ACTIVE-white.svg","width":226,"height":68,"caption":"Active - Algarve"},"image":{"@id":"https:\/\/activebyserenity.com\/algarve\/#\/schema\/logo\/image\/"}}]}},"_links":{"self":[{"href":"https:\/\/activebyserenity.com\/algarve\/wp-json\/wp\/v2\/product\/9977","targetHints":{"allow":["GET"]}}],"collection":[{"href":"https:\/\/activebyserenity.com\/algarve\/wp-json\/wp\/v2\/product"}],"about":[{"href":"https:\/\/activebyserenity.com\/algarve\/wp-json\/wp\/v2\/types\/product"}],"replies":[{"embeddable":true,"href":"https:\/\/activebyserenity.com\/algarve\/wp-json\/wp\/v2\/comments?post=9977"}],"wp:featuredmedia":[{"embeddable":true,"href":"https:\/\/activebyserenity.com\/algarve\/wp-json\/wp\/v2\/media\/9978"}],"wp:attachment":[{"href":"https:\/\/activebyserenity.com\/algarve\/wp-json\/wp\/v2\/media?parent=9977"}],"wp:term":[{"taxonomy":"product_cat","embeddable":true,"href":"https:\/\/activebyserenity.com\/algarve\/wp-json\/wp\/v2\/product_cat?post=9977"},{"taxonomy":"product_tag","embeddable":true,"href":"https:\/\/activebyserenity.com\/algarve\/wp-json\/wp\/v2\/product_tag?post=9977"}],"curies":[{"name":"wp","href":"https:\/\/api.w.org\/{rel}","templated":true}]}}