{"id":1433,"date":"2022-06-22T22:34:09","date_gmt":"2022-06-22T22:34:09","guid":{"rendered":"https:\/\/activebyserenity.com\/cascais\/?page_id=1433"},"modified":"2024-05-30T16:40:35","modified_gmt":"2024-05-30T16:40:35","slug":"ofertas","status":"publish","type":"page","link":"https:\/\/activebyserenity.com\/cascais\/ofertas\/","title":{"rendered":"Ofertas"},"content":{"rendered":"\t\t<div data-elementor-type=\"wp-page\" data-elementor-id=\"1433\" class=\"elementor elementor-1433\" data-elementor-post-type=\"page\">\n\t\t\t\t\t\t<section class=\"elementor-section elementor-top-section elementor-element elementor-element-3e34b42 elementor-section-full_width elementor-section-content-middle elementor-section-height-default elementor-section-height-default\" data-id=\"3e34b42\" data-element_type=\"section\" data-settings=\"{&quot;background_background&quot;:&quot;classic&quot;}\">\n\t\t\t\t\t\t<div class=\"elementor-container elementor-column-gap-default\">\n\t\t\t\t\t<div class=\"elementor-column elementor-col-50 elementor-top-column elementor-element elementor-element-54737bb5\" data-id=\"54737bb5\" data-element_type=\"column\" data-settings=\"{&quot;background_background&quot;:&quot;classic&quot;}\">\n\t\t\t<div class=\"elementor-widget-wrap elementor-element-populated\">\n\t\t\t\t\t\t<div class=\"elementor-element elementor-element-12aa1771 white-title elementor-widget elementor-widget-text-editor\" data-id=\"12aa1771\" data-element_type=\"widget\" data-widget_type=\"text-editor.default\">\n\t\t\t\t<div class=\"elementor-widget-container\">\n\t\t\t\t\t\t\t\t\t<h2>Ofertas<br \/>&#8212; Active<\/h2><p>Aproveita as nossas ofertas fitness para uma motiva\u00e7\u00e3o extra.<\/p>\t\t\t\t\t\t\t\t<\/div>\n\t\t\t\t<\/div>\n\t\t\t\t<div class=\"elementor-element elementor-element-25b89e82 elementor-absolute elementor-hidden-mobile elementor-widget elementor-widget-image\" data-id=\"25b89e82\" data-element_type=\"widget\" data-settings=\"{&quot;_position&quot;:&quot;absolute&quot;}\" data-widget_type=\"image.default\">\n\t\t\t\t<div class=\"elementor-widget-container\">\n\t\t\t\t\t\t\t\t\t\t\t\t\t\t\t<img decoding=\"async\" width=\"80\" height=\"80\" src=\"https:\/\/activebyserenity.com\/cascais\/wp-content\/uploads\/sites\/8\/2022\/06\/purple-arrow-down-1-1.svg\" class=\"attachment-full size-full wp-image-1418\" alt=\"\" \/>\t\t\t\t\t\t\t\t\t\t\t\t\t\t\t<\/div>\n\t\t\t\t<\/div>\n\t\t\t\t\t<\/div>\n\t\t<\/div>\n\t\t\t\t<div class=\"elementor-column elementor-col-50 elementor-top-column elementor-element elementor-element-37a61922 elementor-hidden-mobile\" data-id=\"37a61922\" data-element_type=\"column\" data-settings=\"{&quot;background_background&quot;:&quot;classic&quot;}\">\n\t\t\t<div class=\"elementor-widget-wrap elementor-element-populated\">\n\t\t\t\t\t\t<div class=\"elementor-element elementor-element-5d26174c img-display-style elementor-widget elementor-widget-image\" data-id=\"5d26174c\" data-element_type=\"widget\" data-widget_type=\"image.default\">\n\t\t\t\t<div class=\"elementor-widget-container\">\n\t\t\t\t\t\t\t\t\t\t\t\t\t\t\t<img fetchpriority=\"high\" decoding=\"async\" width=\"1080\" height=\"772\" src=\"https:\/\/activebyserenity.com\/cascais\/wp-content\/uploads\/sites\/8\/2022\/06\/offers-cascais.png\" class=\"attachment-full size-full wp-image-2441\" alt=\"\" srcset=\"https:\/\/activebyserenity.com\/cascais\/wp-content\/uploads\/sites\/8\/2022\/06\/offers-cascais.png 1080w, https:\/\/activebyserenity.com\/cascais\/wp-content\/uploads\/sites\/8\/2022\/06\/offers-cascais-300x214.png 300w, https:\/\/activebyserenity.com\/cascais\/wp-content\/uploads\/sites\/8\/2022\/06\/offers-cascais-1024x732.png 1024w, https:\/\/activebyserenity.com\/cascais\/wp-content\/uploads\/sites\/8\/2022\/06\/offers-cascais-768x549.png 768w, https:\/\/activebyserenity.com\/cascais\/wp-content\/uploads\/sites\/8\/2022\/06\/offers-cascais-600x429.png 600w\" sizes=\"(max-width: 1080px) 100vw, 1080px\" \/>\t\t\t\t\t\t\t\t\t\t\t\t\t\t\t<\/div>\n\t\t\t\t<\/div>\n\t\t\t\t\t<\/div>\n\t\t<\/div>\n\t\t\t\t\t<\/div>\n\t\t<\/section>\n\t\t\t\t<section class=\"elementor-section elementor-top-section elementor-element elementor-element-2cad256 elementor-section-boxed elementor-section-height-default elementor-section-height-default\" data-id=\"2cad256\" data-element_type=\"section\">\n\t\t\t\t\t\t<div class=\"elementor-container elementor-column-gap-default\">\n\t\t\t\t\t<div class=\"elementor-column elementor-col-100 elementor-top-column elementor-element elementor-element-fd836b8\" data-id=\"fd836b8\" data-element_type=\"column\">\n\t\t\t<div class=\"elementor-widget-wrap elementor-element-populated\">\n\t\t\t\t\t\t<div class=\"elementor-element elementor-element-67f2004 elementor-widget elementor-widget-template\" data-id=\"67f2004\" data-element_type=\"widget\" data-widget_type=\"template.default\">\n\t\t\t\t<div class=\"elementor-widget-container\">\n\t\t\t\t\t\t\t<div class=\"elementor-template\">\n\t\t\t\t\t<div data-elementor-type=\"section\" data-elementor-id=\"3110\" class=\"elementor elementor-3110\" data-elementor-post-type=\"elementor_library\">\n\t\t\t\t\t<section class=\"elementor-section elementor-top-section elementor-element elementor-element-453c9b02 breadcrumbs-container elementor-section-boxed elementor-section-height-default elementor-section-height-default\" data-id=\"453c9b02\" data-element_type=\"section\">\n\t\t\t\t\t\t<div class=\"elementor-container elementor-column-gap-default\">\n\t\t\t\t\t<div class=\"elementor-column elementor-col-100 elementor-top-column elementor-element elementor-element-5376ee7\" data-id=\"5376ee7\" data-element_type=\"column\">\n\t\t\t<div class=\"elementor-widget-wrap elementor-element-populated\">\n\t\t\t\t\t\t<div class=\"elementor-element elementor-element-27c5f52 elementor-align-left elementor-widget__width-auto elementor-widget elementor-widget-breadcrumbs\" data-id=\"27c5f52\" data-element_type=\"widget\" data-widget_type=\"breadcrumbs.default\">\n\t\t\t\t<div class=\"elementor-widget-container\">\n\t\t\t\t\t<p id=\"breadcrumbs\"><\/p>\t\t\t\t<\/div>\n\t\t\t\t<\/div>\n\t\t\t\t\t<\/div>\n\t\t<\/div>\n\t\t\t\t\t<\/div>\n\t\t<\/section>\n\t\t\t\t<\/div>\n\t\t\t\t<\/div>\n\t\t\t\t\t\t<\/div>\n\t\t\t\t<\/div>\n\t\t\t\t\t<\/div>\n\t\t<\/div>\n\t\t\t\t\t<\/div>\n\t\t<\/section>\n\t\t\t\t<section class=\"elementor-section elementor-top-section elementor-element elementor-element-4d4d832 table-nutrition-ative elementor-section-boxed elementor-section-height-default elementor-section-height-default\" data-id=\"4d4d832\" data-element_type=\"section\">\n\t\t\t\t\t\t<div class=\"elementor-container elementor-column-gap-default\">\n\t\t\t\t\t<div class=\"elementor-column elementor-col-100 elementor-top-column elementor-element elementor-element-5f8d62b\" data-id=\"5f8d62b\" data-element_type=\"column\">\n\t\t\t<div class=\"elementor-widget-wrap elementor-element-populated\">\n\t\t\t\t\t\t<div class=\"elementor-element elementor-element-b67333a elementor-hidden-desktop elementor-hidden-tablet elementor-hidden-mobile elementor-widget elementor-widget-text-editor\" data-id=\"b67333a\" data-element_type=\"widget\" data-widget_type=\"text-editor.default\">\n\t\t\t\t<div class=\"elementor-widget-container\">\n\t\t\t\t\t\t\t\t\t<p>De momento n\u00e3o temos nenhuma oferta ACTIVE, mas fica atento.<\/p>\t\t\t\t\t\t\t\t<\/div>\n\t\t\t\t<\/div>\n\t\t\t\t<div class=\"elementor-element elementor-element-ef3d225 elementor-widget elementor-widget-html\" data-id=\"ef3d225\" data-element_type=\"widget\" data-widget_type=\"html.default\">\n\t\t\t\t<div class=\"elementor-widget-container\">\n\t\t\t\t\t<div class='search-product-table-wrapper'>\n    <i class='fa fa-search'><\/i>\n\n<\/div>\t\t\t\t<\/div>\n\t\t\t\t<\/div>\n\t\t\t\t<div class=\"elementor-element elementor-element-3627c10 product-list list-style table elementor-widget elementor-widget-html\" data-id=\"3627c10\" data-element_type=\"widget\" data-widget_type=\"html.default\">\n\t\t\t\t<div class=\"elementor-widget-container\">\n\t\t\t\t\t<div\n\tid=\"wcpt-1471\"\n\tclass=\"wcpt wcpt-1471\"\n\tdata-wcpt-table-id=\"1471\"\ndata-wcpt-query-string=\"?1471_device=laptop\"\ndata-wcpt-sc-attrs=\"{&quot;tag&quot;:&quot;PT&quot;}\"\n>\n<style>@media(max-width: 1199px) and (min-width:750px){}@media(max-width:749px){}<\/style>  <div \r\n    class=\"wcpt-navigation wcpt-header wcpt-always-show\"\r\n    style=\"\"\r\n  >\r\n  <\/div>  <div class=\"wcpt-responsive-navigation\"><\/div>\r\n  <div class=\"wcpt-nav-modal-tpl\">\n  <div class=\"wcpt-nav-modal\" data-wcpt-table-id=\"1471\">\n    <div class=\"wcpt-nm-content wcpt-noselect\">\n      <div class=\"wcpt-nm-heading wcpt-nm-heading--sticky\">\n\t\t\t\t<span class=\"wcpt-nm-close\">\n\t\t\t\t\t<span class=\"wcpt-icon wcpt-icon-x  \"   ><svg xmlns=\"http:\/\/www.w3.org\/2000\/svg\" width=\"24\" height=\"24\" viewBox=\"0 0 24 24\" fill=\"none\" stroke=\"currentColor\" stroke-width=\"2\" stroke-linecap=\"round\" stroke-linejoin=\"round\" class=\"feather feather-x\"><line x1=\"18\" y1=\"6\" x2=\"6\" y2=\"18\"><\/line><line x1=\"6\" y1=\"6\" x2=\"18\" y2=\"18\"><\/line><\/svg><\/span>\t\t\t\t\t<\/svg>\n\t\t\t\t<\/span>\n        <span class=\"wcpt-nm-heading-text wcpt-on-filters-show\">\n          Filters        <\/span>\n        <span class=\"wcpt-nm-heading-text wcpt-on-sort-show\">\n          Sort results        <\/span>\n\t\t\t\t<div class=\"wcpt-nm-action\">\n\t\t\t\t\t<span class=\"wcpt-nm-reset\">\n\t\t\t\t\t\tReset\t\t\t\t\t<\/span>\n\t        <span class=\"wcpt-nm-apply\">\n\t\t\t\t\t\tApply\t\t\t\t\t<\/span>\n\t\t\t\t<\/div>\n      <\/div>\n      <div class=\"wcpt-navigation wcpt-left-sidebar\">\n        <div class=\"wcpt-nm-filters\">\n          <span class=\"wcpt-nm-filters-placeholder\"><\/span>\n        <\/div>\n        <div class=\"wcpt-nm-sort\">\n          <span class=\"wcpt-nm-sort-placeholder\"><\/span>\n        <\/div>\n      <\/div>\n    <\/div>\n  <\/div>\n<\/div>\n<div class=\"wcpt-table-scroll-wrapper-outer wcpt-device-laptop\">\n<div class=\"wcpt-table-scroll-wrapper\">\n<table class=\"wcpt-table wcpt-table-1471\">\n<thead>\n\t\t<tr \n\t\tclass=\"wcpt-heading-row wcpt-hide\"\n\t><th class=\"wcpt-heading wcpt-1655973716579\" data-wcpt-column-index=\"0\"><\/th><th class=\"wcpt-heading wcpt-1655973716581\" data-wcpt-column-index=\"1\"><\/th><th class=\"wcpt-heading wcpt-1655973716583\" data-wcpt-column-index=\"2\"><\/th><\/tr>\n<\/thead>\n<tr   \n\t \n\t data-wcpt-product-id=\"4886\"  \n\tdata-wcpt-type    =\"simple\" \n\tdata-wcpt-in-cart =\"0\" \n\tdata-wcpt-stock   =\"\"\n\tdata-wcpt-type    =\"simple\" \n\tdata-wcpt-in-cart =\"0\" \n\tdata-wcpt-stock   =\"\"\n\tdata-wcpt-price   =\"175\"  class=\" wcpt-row  wcpt-odd  wcpt-product-type-simple \"><td \n  class=\"wcpt-cell wcpt-1655973716580\"\n  data-wcpt-column-index=\"0\"\n><div class=\"wcpt-cell-val\"><div class=\"wcpt-item-row wcpt-1655973716586 \"><a \nclass=\"wcpt-product-image-wrapper  wcpt-1655973726692 wcpt-lightbox-icon-position-bottom_right\" \ndata-wcpt-image-size=\"woocommerce_single\" \ndata-wcpt-photoswipe-options=\"\"\ndata-wcpt-photoswipe-items=\"\"\n \n href=\"https:\/\/activebyserenity.com\/cascais\/active-easter\" \n \n \n \n><img decoding=\"async\" width=\"600\" height=\"400\" src=\"https:\/\/activebyserenity.com\/cascais\/wp-content\/uploads\/sites\/8\/2026\/03\/Active-TreinoMilitar-Individual-2020-LuisFerraz00006-600x400.jpeg\" class=\" wcpt-1655973726692 wp-post-image\" alt=\"\" title=\"PINE CLIFFS\" srcset=\"https:\/\/activebyserenity.com\/cascais\/wp-content\/uploads\/sites\/8\/2026\/03\/Active-TreinoMilitar-Individual-2020-LuisFerraz00006-600x400.jpeg 600w, https:\/\/activebyserenity.com\/cascais\/wp-content\/uploads\/sites\/8\/2026\/03\/Active-TreinoMilitar-Individual-2020-LuisFerraz00006-300x200.jpeg 300w, https:\/\/activebyserenity.com\/cascais\/wp-content\/uploads\/sites\/8\/2026\/03\/Active-TreinoMilitar-Individual-2020-LuisFerraz00006-1024x683.jpeg 1024w, https:\/\/activebyserenity.com\/cascais\/wp-content\/uploads\/sites\/8\/2026\/03\/Active-TreinoMilitar-Individual-2020-LuisFerraz00006-768x512.jpeg 768w, https:\/\/activebyserenity.com\/cascais\/wp-content\/uploads\/sites\/8\/2026\/03\/Active-TreinoMilitar-Individual-2020-LuisFerraz00006-1536x1024.jpeg 1536w, https:\/\/activebyserenity.com\/cascais\/wp-content\/uploads\/sites\/8\/2026\/03\/Active-TreinoMilitar-Individual-2020-LuisFerraz00006-2048x1365.jpeg 2048w\" sizes=\"(max-width: 600px) 100vw, 600px\" \/><\/a><\/div><\/div>\n<\/td>\n<td \n  class=\"wcpt-cell wcpt-1655973716582\"\n  data-wcpt-column-index=\"1\"\n><div class=\"wcpt-cell-val\"><div class=\"wcpt-item-row wcpt-1655973734673 \"><a href='https:\/\/activebyserenity.com\/cascais\/active-easter'  title='Bootcamp Outdoor'  class='wcpt-title  wcpt-1655973849829' >Bootcamp Outdoor<\/a><\/div><div class=\"wcpt-item-row wcpt-1655973855088 \"><div class=\"wcpt-content  wcpt-content--max-width  wcpt-1655974032691\"><p class=\"p1\"><span class=\"s1\">Sess\u00f5es de Bootcamp para ganhar for\u00e7a, <\/span><span class=\"s1\">energia e foco ao ar livre.<\/span><\/p>\n<p>&nbsp;<\/p>\n<p class=\"p1\"><span class=\"s1\"><b>Inclui 3 sess\u00f5es de 60min<\/b><\/span><\/p>\n<p> <\/p>\n<\/div><\/div><\/div>\n<\/td>\n<td \n  class=\"wcpt-cell wcpt-1655973716584\"\n  data-wcpt-column-index=\"2\"\n><div class=\"wcpt-cell-val\"><div class=\"wcpt-item-row wcpt-1655973953238 \"><span\n\tclass=\"wcpt-price  wcpt-1655973981191  \"\n\t>\n\t<div class=\"wcpt-item-row wcpt-1655973981204 \"><span class=\"wcpt-regular-price  wcpt-1655973981205\"><span class=\"wcpt-amount\">175<\/span>&nbsp;<span class=\"wcpt-currency\">&euro;<\/span><\/span>\n<\/div><\/span>\n<\/div><div class=\"wcpt-item-row wcpt-1655984237427 \"><a class=\"wcpt-button wcpt-noselect wcpt-button-product_link  wcpt-1655984238982\" data-wcpt-link-code=\"product_link\" href=\"https:\/\/activebyserenity.com\/cascais\/active-easter\"  target=\"_self\"   ><span class=\"wcpt-button-label\"><div class=\"wcpt-item-row wcpt-1655984238998 \"><span class=\"wcpt-text  wcpt-1655984238998\">BOOK<\/span><\/div><\/span><\/a><\/div><\/div>\n<\/td>\n<\/tr>\n<\/table>\n<\/div>\n<\/div>\n<div class=\"wcpt-loading-screen\"><\/div>\n<div class=\"wcpt-table-scroll-wrapper-outer wcpt-device-tablet\">\n<div class=\"wcpt-table-scroll-wrapper\">\n<span class=\"wcpt-icon wcpt-icon-loader wcpt-device-view-loading-icon \"   ><svg xmlns=\"http:\/\/www.w3.org\/2000\/svg\" width=\"24\" height=\"24\" viewBox=\"0 0 24 24\" fill=\"none\" stroke=\"currentColor\" stroke-width=\"2\" stroke-linecap=\"round\" stroke-linejoin=\"round\" class=\"feather feather-loader\"><line x1=\"12\" y1=\"2\" x2=\"12\" y2=\"6\"><\/line><line x1=\"12\" y1=\"18\" x2=\"12\" y2=\"22\"><\/line><line x1=\"4.93\" y1=\"4.93\" x2=\"7.76\" y2=\"7.76\"><\/line><line x1=\"16.24\" y1=\"16.24\" x2=\"19.07\" y2=\"19.07\"><\/line><line x1=\"2\" y1=\"12\" x2=\"6\" y2=\"12\"><\/line><line x1=\"18\" y1=\"12\" x2=\"22\" y2=\"12\"><\/line><line x1=\"4.93\" y1=\"19.07\" x2=\"7.76\" y2=\"16.24\"><\/line><line x1=\"16.24\" y1=\"7.76\" x2=\"19.07\" y2=\"4.93\"><\/line><\/svg><\/span><\/div>\n<\/div>\n<div class=\"wcpt-table-scroll-wrapper-outer wcpt-device-phone\">\n<div class=\"wcpt-table-scroll-wrapper\">\n<span class=\"wcpt-icon wcpt-icon-loader wcpt-device-view-loading-icon \"   ><svg xmlns=\"http:\/\/www.w3.org\/2000\/svg\" width=\"24\" height=\"24\" viewBox=\"0 0 24 24\" fill=\"none\" stroke=\"currentColor\" stroke-width=\"2\" stroke-linecap=\"round\" stroke-linejoin=\"round\" class=\"feather feather-loader\"><line x1=\"12\" y1=\"2\" x2=\"12\" y2=\"6\"><\/line><line x1=\"12\" y1=\"18\" x2=\"12\" y2=\"22\"><\/line><line x1=\"4.93\" y1=\"4.93\" x2=\"7.76\" y2=\"7.76\"><\/line><line x1=\"16.24\" y1=\"16.24\" x2=\"19.07\" y2=\"19.07\"><\/line><line x1=\"2\" y1=\"12\" x2=\"6\" y2=\"12\"><\/line><line x1=\"18\" y1=\"12\" x2=\"22\" y2=\"12\"><\/line><line x1=\"4.93\" y1=\"19.07\" x2=\"7.76\" y2=\"16.24\"><\/line><line x1=\"16.24\" y1=\"7.76\" x2=\"19.07\" y2=\"4.93\"><\/line><\/svg><\/span><\/div>\n<\/div>\n<style> #wcpt-1471  .wcpt-1655973726692{}  body  .wcpt-1655973726692{}  #wcpt-1471  .wcpt-1655973726692 > .wcpt-lightbox-icon{}  body  .wcpt-1655973726692 > .wcpt-lightbox-icon{}  #wcpt-1471  .wcpt-product-on-sale .wcpt-1655973981205{}  body  .wcpt-product-on-sale .wcpt-1655973981205{} <\/style><\/div>\n\n\t\t\t\t<\/div>\n\t\t\t\t<\/div>\n\t\t\t\t\t<\/div>\n\t\t<\/div>\n\t\t\t\t\t<\/div>\n\t\t<\/section>\n\t\t\t\t<section class=\"elementor-section elementor-top-section elementor-element elementor-element-65ce850 elementor-section-full_width elementor-section-height-default elementor-section-height-default\" data-id=\"65ce850\" data-element_type=\"section\">\n\t\t\t\t\t\t<div class=\"elementor-container elementor-column-gap-default\">\n\t\t\t\t\t<div class=\"elementor-column elementor-col-100 elementor-top-column elementor-element elementor-element-35df9fd\" data-id=\"35df9fd\" data-element_type=\"column\">\n\t\t\t<div class=\"elementor-widget-wrap elementor-element-populated\">\n\t\t\t\t\t\t<div class=\"elementor-element elementor-element-d2ba3bb elementor-widget elementor-widget-shortcode\" data-id=\"d2ba3bb\" data-element_type=\"widget\" data-widget_type=\"shortcode.default\">\n\t\t\t\t<div class=\"elementor-widget-container\">\n\t\t\t\t\t\t\t<div class=\"elementor-shortcode\"><\/div>\n\t\t\t\t\t\t<\/div>\n\t\t\t\t<\/div>\n\t\t\t\t\t<\/div>\n\t\t<\/div>\n\t\t\t\t\t<\/div>\n\t\t<\/section>\n\t\t\t\t<\/div>\n\t\t","protected":false},"excerpt":{"rendered":"<p>Ofertas&#8212; Active Aproveita as nossas ofertas fitness para uma motiva\u00e7\u00e3o extra. De momento n\u00e3o temos nenhuma oferta ACTIVE, mas fica atento.<\/p>\n","protected":false},"author":1,"featured_media":3890,"parent":0,"menu_order":0,"comment_status":"closed","ping_status":"closed","template":"","meta":{"inline_featured_image":false,"footnotes":""},"class_list":["post-1433","page","type-page","status-publish","has-post-thumbnail","hentry"],"yoast_head":"<!-- This site is optimized with the Yoast SEO plugin v24.4 - https:\/\/yoast.com\/wordpress\/plugins\/seo\/ -->\n<title>Ofertas - Active - Cascais<\/title>\n<meta name=\"robots\" content=\"index, follow, max-snippet:-1, max-image-preview:large, max-video-preview:-1\" \/>\n<link rel=\"canonical\" href=\"https:\/\/activebyserenity.com\/cascais\/ofertas\/\" \/>\n<meta property=\"og:locale\" content=\"en_US\" \/>\n<meta property=\"og:type\" content=\"article\" \/>\n<meta property=\"og:title\" content=\"Ofertas - Active - Cascais\" \/>\n<meta property=\"og:description\" content=\"Ofertas&#8212; Active Aproveita as nossas ofertas fitness para uma motiva\u00e7\u00e3o extra. De momento n\u00e3o temos nenhuma oferta ACTIVE, mas fica atento.\" \/>\n<meta property=\"og:url\" content=\"https:\/\/activebyserenity.com\/cascais\/ofertas\/\" \/>\n<meta property=\"og:site_name\" content=\"Active - Cascais\" \/>\n<meta property=\"article:modified_time\" content=\"2024-05-30T16:40:35+00:00\" \/>\n<meta property=\"og:image\" content=\"https:\/\/activebyserenity.com\/cascais\/wp-content\/uploads\/sites\/8\/2022\/08\/Web-1920-\u2013-2.png\" \/>\n\t<meta property=\"og:image:width\" content=\"1920\" \/>\n\t<meta property=\"og:image:height\" content=\"630\" \/>\n\t<meta property=\"og:image:type\" content=\"image\/png\" \/>\n<meta name=\"twitter:card\" content=\"summary_large_image\" \/>\n<meta name=\"twitter:label1\" content=\"Est. reading time\" \/>\n\t<meta name=\"twitter:data1\" content=\"1 minute\" \/>\n<script type=\"application\/ld+json\" class=\"yoast-schema-graph\">{\"@context\":\"https:\/\/schema.org\",\"@graph\":[{\"@type\":\"WebPage\",\"@id\":\"https:\/\/activebyserenity.com\/cascais\/ofertas\/\",\"url\":\"https:\/\/activebyserenity.com\/cascais\/ofertas\/\",\"name\":\"Ofertas - Active - Cascais\",\"isPartOf\":{\"@id\":\"https:\/\/activebyserenity.com\/cascais\/#website\"},\"primaryImageOfPage\":{\"@id\":\"https:\/\/activebyserenity.com\/cascais\/ofertas\/#primaryimage\"},\"image\":{\"@id\":\"https:\/\/activebyserenity.com\/cascais\/ofertas\/#primaryimage\"},\"thumbnailUrl\":\"https:\/\/activebyserenity.com\/cascais\/wp-content\/uploads\/sites\/8\/2022\/08\/Web-1920-\u2013-2.png\",\"datePublished\":\"2022-06-22T22:34:09+00:00\",\"dateModified\":\"2024-05-30T16:40:35+00:00\",\"inLanguage\":\"en-US\",\"potentialAction\":[{\"@type\":\"ReadAction\",\"target\":[\"https:\/\/activebyserenity.com\/cascais\/ofertas\/\"]}]},{\"@type\":\"ImageObject\",\"inLanguage\":\"en-US\",\"@id\":\"https:\/\/activebyserenity.com\/cascais\/ofertas\/#primaryimage\",\"url\":\"https:\/\/activebyserenity.com\/cascais\/wp-content\/uploads\/sites\/8\/2022\/08\/Web-1920-\u2013-2.png\",\"contentUrl\":\"https:\/\/activebyserenity.com\/cascais\/wp-content\/uploads\/sites\/8\/2022\/08\/Web-1920-\u2013-2.png\",\"width\":1920,\"height\":630},{\"@type\":\"WebSite\",\"@id\":\"https:\/\/activebyserenity.com\/cascais\/#website\",\"url\":\"https:\/\/activebyserenity.com\/cascais\/\",\"name\":\"Active - Cascais\",\"description\":\"by Serenity\",\"publisher\":{\"@id\":\"https:\/\/activebyserenity.com\/cascais\/#organization\"},\"potentialAction\":[{\"@type\":\"SearchAction\",\"target\":{\"@type\":\"EntryPoint\",\"urlTemplate\":\"https:\/\/activebyserenity.com\/cascais\/?s={search_term_string}\"},\"query-input\":{\"@type\":\"PropertyValueSpecification\",\"valueRequired\":true,\"valueName\":\"search_term_string\"}}],\"inLanguage\":\"en-US\"},{\"@type\":\"Organization\",\"@id\":\"https:\/\/activebyserenity.com\/cascais\/#organization\",\"name\":\"Active - Cascais\",\"url\":\"https:\/\/activebyserenity.com\/cascais\/\",\"logo\":{\"@type\":\"ImageObject\",\"inLanguage\":\"en-US\",\"@id\":\"https:\/\/activebyserenity.com\/cascais\/#\/schema\/logo\/image\/\",\"url\":\"https:\/\/activebyserenity.com\/cascais\/wp-content\/uploads\/sites\/8\/2022\/06\/Logo-ACTIVE-white.svg\",\"contentUrl\":\"https:\/\/activebyserenity.com\/cascais\/wp-content\/uploads\/sites\/8\/2022\/06\/Logo-ACTIVE-white.svg\",\"width\":226,\"height\":68,\"caption\":\"Active - Cascais\"},\"image\":{\"@id\":\"https:\/\/activebyserenity.com\/cascais\/#\/schema\/logo\/image\/\"}}]}<\/script>\n<!-- \/ Yoast SEO plugin. -->","yoast_head_json":{"title":"Ofertas - Active - Cascais","robots":{"index":"index","follow":"follow","max-snippet":"max-snippet:-1","max-image-preview":"max-image-preview:large","max-video-preview":"max-video-preview:-1"},"canonical":"https:\/\/activebyserenity.com\/cascais\/ofertas\/","og_locale":"en_US","og_type":"article","og_title":"Ofertas - Active - Cascais","og_description":"Ofertas&#8212; Active Aproveita as nossas ofertas fitness para uma motiva\u00e7\u00e3o extra. De momento n\u00e3o temos nenhuma oferta ACTIVE, mas fica atento.","og_url":"https:\/\/activebyserenity.com\/cascais\/ofertas\/","og_site_name":"Active - Cascais","article_modified_time":"2024-05-30T16:40:35+00:00","og_image":[{"width":1920,"height":630,"url":"https:\/\/activebyserenity.com\/cascais\/wp-content\/uploads\/sites\/8\/2022\/08\/Web-1920-\u2013-2.png","type":"image\/png"}],"twitter_card":"summary_large_image","twitter_misc":{"Est. reading time":"1 minute"},"schema":{"@context":"https:\/\/schema.org","@graph":[{"@type":"WebPage","@id":"https:\/\/activebyserenity.com\/cascais\/ofertas\/","url":"https:\/\/activebyserenity.com\/cascais\/ofertas\/","name":"Ofertas - Active - Cascais","isPartOf":{"@id":"https:\/\/activebyserenity.com\/cascais\/#website"},"primaryImageOfPage":{"@id":"https:\/\/activebyserenity.com\/cascais\/ofertas\/#primaryimage"},"image":{"@id":"https:\/\/activebyserenity.com\/cascais\/ofertas\/#primaryimage"},"thumbnailUrl":"https:\/\/activebyserenity.com\/cascais\/wp-content\/uploads\/sites\/8\/2022\/08\/Web-1920-\u2013-2.png","datePublished":"2022-06-22T22:34:09+00:00","dateModified":"2024-05-30T16:40:35+00:00","inLanguage":"en-US","potentialAction":[{"@type":"ReadAction","target":["https:\/\/activebyserenity.com\/cascais\/ofertas\/"]}]},{"@type":"ImageObject","inLanguage":"en-US","@id":"https:\/\/activebyserenity.com\/cascais\/ofertas\/#primaryimage","url":"https:\/\/activebyserenity.com\/cascais\/wp-content\/uploads\/sites\/8\/2022\/08\/Web-1920-\u2013-2.png","contentUrl":"https:\/\/activebyserenity.com\/cascais\/wp-content\/uploads\/sites\/8\/2022\/08\/Web-1920-\u2013-2.png","width":1920,"height":630},{"@type":"WebSite","@id":"https:\/\/activebyserenity.com\/cascais\/#website","url":"https:\/\/activebyserenity.com\/cascais\/","name":"Active - Cascais","description":"by Serenity","publisher":{"@id":"https:\/\/activebyserenity.com\/cascais\/#organization"},"potentialAction":[{"@type":"SearchAction","target":{"@type":"EntryPoint","urlTemplate":"https:\/\/activebyserenity.com\/cascais\/?s={search_term_string}"},"query-input":{"@type":"PropertyValueSpecification","valueRequired":true,"valueName":"search_term_string"}}],"inLanguage":"en-US"},{"@type":"Organization","@id":"https:\/\/activebyserenity.com\/cascais\/#organization","name":"Active - Cascais","url":"https:\/\/activebyserenity.com\/cascais\/","logo":{"@type":"ImageObject","inLanguage":"en-US","@id":"https:\/\/activebyserenity.com\/cascais\/#\/schema\/logo\/image\/","url":"https:\/\/activebyserenity.com\/cascais\/wp-content\/uploads\/sites\/8\/2022\/06\/Logo-ACTIVE-white.svg","contentUrl":"https:\/\/activebyserenity.com\/cascais\/wp-content\/uploads\/sites\/8\/2022\/06\/Logo-ACTIVE-white.svg","width":226,"height":68,"caption":"Active - Cascais"},"image":{"@id":"https:\/\/activebyserenity.com\/cascais\/#\/schema\/logo\/image\/"}}]}},"_links":{"self":[{"href":"https:\/\/activebyserenity.com\/cascais\/wp-json\/wp\/v2\/pages\/1433","targetHints":{"allow":["GET"]}}],"collection":[{"href":"https:\/\/activebyserenity.com\/cascais\/wp-json\/wp\/v2\/pages"}],"about":[{"href":"https:\/\/activebyserenity.com\/cascais\/wp-json\/wp\/v2\/types\/page"}],"author":[{"embeddable":true,"href":"https:\/\/activebyserenity.com\/cascais\/wp-json\/wp\/v2\/users\/1"}],"replies":[{"embeddable":true,"href":"https:\/\/activebyserenity.com\/cascais\/wp-json\/wp\/v2\/comments?post=1433"}],"version-history":[{"count":48,"href":"https:\/\/activebyserenity.com\/cascais\/wp-json\/wp\/v2\/pages\/1433\/revisions"}],"predecessor-version":[{"id":4515,"href":"https:\/\/activebyserenity.com\/cascais\/wp-json\/wp\/v2\/pages\/1433\/revisions\/4515"}],"wp:featuredmedia":[{"embeddable":true,"href":"https:\/\/activebyserenity.com\/cascais\/wp-json\/wp\/v2\/media\/3890"}],"wp:attachment":[{"href":"https:\/\/activebyserenity.com\/cascais\/wp-json\/wp\/v2\/media?parent=1433"}],"curies":[{"name":"wp","href":"https:\/\/api.w.org\/{rel}","templated":true}]}}