{"id":2908,"date":"2022-06-30T18:59:47","date_gmt":"2022-06-30T18:59:47","guid":{"rendered":"https:\/\/activebyserenity.com\/cascais\/?post_type=product&#038;p=2908"},"modified":"2022-07-13T10:45:27","modified_gmt":"2022-07-13T10:45:27","slug":"yoga-2","status":"publish","type":"product","link":"https:\/\/activebyserenity.com\/cascais\/small-groups\/circuit-training","title":{"rendered":"Yoga"},"content":{"rendered":"<p>\u00c9 uma modalidade que origina uma sensa\u00e7\u00e3o de bem-estar e tranquilidade, deixando-o relaxado e revigorado. Os benef\u00edcios do Yoga v\u00e3o al\u00e9m do f\u00edsico.<\/p>\n","protected":false},"excerpt":{"rendered":"<p>\u00c9 uma modalidade que origina uma sensa\u00e7\u00e3o de bem-estar e tranquilidade, deixando-o relaxado e revigorado. Os benef\u00edcios do Yoga v\u00e3o al\u00e9m do f\u00edsico.<\/p>\n","protected":false},"featured_media":0,"comment_status":"open","ping_status":"closed","template":"","meta":{"inline_featured_image":false},"product_cat":[77],"product_tag":[95],"class_list":{"0":"post-2908","1":"product","2":"type-product","3":"status-publish","5":"product_cat-small-groups","6":"product_tag-pt","8":"first","9":"instock","10":"shipping-taxable","11":"purchasable","12":"product-type-simple"},"yoast_head":"<!-- This site is optimized with the Yoast SEO plugin v24.4 - https:\/\/yoast.com\/wordpress\/plugins\/seo\/ -->\n<title>Yoga - Active - Cascais<\/title>\n<meta name=\"robots\" content=\"index, follow, max-snippet:-1, max-image-preview:large, max-video-preview:-1\" \/>\n<link rel=\"canonical\" href=\"https:\/\/activebyserenity.com\/cascais\/small-groups\/circuit-training\" \/>\n<meta property=\"og:locale\" content=\"en_US\" \/>\n<meta property=\"og:type\" content=\"article\" \/>\n<meta property=\"og:title\" content=\"Yoga - Active - Cascais\" \/>\n<meta property=\"og:description\" content=\"\u00c9 uma modalidade que origina uma sensa\u00e7\u00e3o de bem-estar e tranquilidade, deixando-o relaxado e revigorado. Os benef\u00edcios do Yoga v\u00e3o al\u00e9m do f\u00edsico.\" \/>\n<meta property=\"og:url\" content=\"https:\/\/activebyserenity.com\/cascais\/small-groups\/circuit-training\" \/>\n<meta property=\"og:site_name\" content=\"Active - Cascais\" \/>\n<meta property=\"article:modified_time\" content=\"2022-07-13T10:45:27+00:00\" \/>\n<meta name=\"twitter:card\" content=\"summary_large_image\" \/>\n<meta name=\"twitter:label1\" content=\"Est. reading time\" \/>\n\t<meta name=\"twitter:data1\" content=\"1 minute\" \/>\n<script type=\"application\/ld+json\" class=\"yoast-schema-graph\">{\"@context\":\"https:\/\/schema.org\",\"@graph\":[{\"@type\":\"WebPage\",\"@id\":\"https:\/\/activebyserenity.com\/cascais\/small-groups\/circuit-training\",\"url\":\"https:\/\/activebyserenity.com\/cascais\/small-groups\/circuit-training\",\"name\":\"Yoga - Active - Cascais\",\"isPartOf\":{\"@id\":\"https:\/\/activebyserenity.com\/cascais\/#website\"},\"datePublished\":\"2022-06-30T18:59:47+00:00\",\"dateModified\":\"2022-07-13T10:45:27+00:00\",\"breadcrumb\":{\"@id\":\"https:\/\/activebyserenity.com\/cascais\/small-groups\/circuit-training#breadcrumb\"},\"inLanguage\":\"en-US\",\"potentialAction\":[{\"@type\":\"ReadAction\",\"target\":[\"https:\/\/activebyserenity.com\/cascais\/small-groups\/circuit-training\"]}]},{\"@type\":\"BreadcrumbList\",\"@id\":\"https:\/\/activebyserenity.com\/cascais\/small-groups\/circuit-training#breadcrumb\",\"itemListElement\":[{\"@type\":\"ListItem\",\"position\":1,\"name\":\"Shop\",\"item\":\"https:\/\/activebyserenity.com\/cascais\/shop\/\"},{\"@type\":\"ListItem\",\"position\":2,\"name\":\"Yoga\"}]},{\"@type\":\"WebSite\",\"@id\":\"https:\/\/activebyserenity.com\/cascais\/#website\",\"url\":\"https:\/\/activebyserenity.com\/cascais\/\",\"name\":\"Active - Cascais\",\"description\":\"by Serenity\",\"publisher\":{\"@id\":\"https:\/\/activebyserenity.com\/cascais\/#organization\"},\"potentialAction\":[{\"@type\":\"SearchAction\",\"target\":{\"@type\":\"EntryPoint\",\"urlTemplate\":\"https:\/\/activebyserenity.com\/cascais\/?s={search_term_string}\"},\"query-input\":{\"@type\":\"PropertyValueSpecification\",\"valueRequired\":true,\"valueName\":\"search_term_string\"}}],\"inLanguage\":\"en-US\"},{\"@type\":\"Organization\",\"@id\":\"https:\/\/activebyserenity.com\/cascais\/#organization\",\"name\":\"Active - Cascais\",\"url\":\"https:\/\/activebyserenity.com\/cascais\/\",\"logo\":{\"@type\":\"ImageObject\",\"inLanguage\":\"en-US\",\"@id\":\"https:\/\/activebyserenity.com\/cascais\/#\/schema\/logo\/image\/\",\"url\":\"https:\/\/activebyserenity.com\/cascais\/wp-content\/uploads\/sites\/8\/2022\/06\/Logo-ACTIVE-white.svg\",\"contentUrl\":\"https:\/\/activebyserenity.com\/cascais\/wp-content\/uploads\/sites\/8\/2022\/06\/Logo-ACTIVE-white.svg\",\"width\":226,\"height\":68,\"caption\":\"Active - Cascais\"},\"image\":{\"@id\":\"https:\/\/activebyserenity.com\/cascais\/#\/schema\/logo\/image\/\"}}]}<\/script>\n<!-- \/ Yoast SEO plugin. -->","yoast_head_json":{"title":"Yoga - Active - Cascais","robots":{"index":"index","follow":"follow","max-snippet":"max-snippet:-1","max-image-preview":"max-image-preview:large","max-video-preview":"max-video-preview:-1"},"canonical":"https:\/\/activebyserenity.com\/cascais\/small-groups\/circuit-training","og_locale":"en_US","og_type":"article","og_title":"Yoga - Active - Cascais","og_description":"\u00c9 uma modalidade que origina uma sensa\u00e7\u00e3o de bem-estar e tranquilidade, deixando-o relaxado e revigorado. Os benef\u00edcios do Yoga v\u00e3o al\u00e9m do f\u00edsico.","og_url":"https:\/\/activebyserenity.com\/cascais\/small-groups\/circuit-training","og_site_name":"Active - Cascais","article_modified_time":"2022-07-13T10:45:27+00:00","twitter_card":"summary_large_image","twitter_misc":{"Est. reading time":"1 minute"},"schema":{"@context":"https:\/\/schema.org","@graph":[{"@type":"WebPage","@id":"https:\/\/activebyserenity.com\/cascais\/small-groups\/circuit-training","url":"https:\/\/activebyserenity.com\/cascais\/small-groups\/circuit-training","name":"Yoga - Active - Cascais","isPartOf":{"@id":"https:\/\/activebyserenity.com\/cascais\/#website"},"datePublished":"2022-06-30T18:59:47+00:00","dateModified":"2022-07-13T10:45:27+00:00","breadcrumb":{"@id":"https:\/\/activebyserenity.com\/cascais\/small-groups\/circuit-training#breadcrumb"},"inLanguage":"en-US","potentialAction":[{"@type":"ReadAction","target":["https:\/\/activebyserenity.com\/cascais\/small-groups\/circuit-training"]}]},{"@type":"BreadcrumbList","@id":"https:\/\/activebyserenity.com\/cascais\/small-groups\/circuit-training#breadcrumb","itemListElement":[{"@type":"ListItem","position":1,"name":"Shop","item":"https:\/\/activebyserenity.com\/cascais\/shop\/"},{"@type":"ListItem","position":2,"name":"Yoga"}]},{"@type":"WebSite","@id":"https:\/\/activebyserenity.com\/cascais\/#website","url":"https:\/\/activebyserenity.com\/cascais\/","name":"Active - Cascais","description":"by Serenity","publisher":{"@id":"https:\/\/activebyserenity.com\/cascais\/#organization"},"potentialAction":[{"@type":"SearchAction","target":{"@type":"EntryPoint","urlTemplate":"https:\/\/activebyserenity.com\/cascais\/?s={search_term_string}"},"query-input":{"@type":"PropertyValueSpecification","valueRequired":true,"valueName":"search_term_string"}}],"inLanguage":"en-US"},{"@type":"Organization","@id":"https:\/\/activebyserenity.com\/cascais\/#organization","name":"Active - Cascais","url":"https:\/\/activebyserenity.com\/cascais\/","logo":{"@type":"ImageObject","inLanguage":"en-US","@id":"https:\/\/activebyserenity.com\/cascais\/#\/schema\/logo\/image\/","url":"https:\/\/activebyserenity.com\/cascais\/wp-content\/uploads\/sites\/8\/2022\/06\/Logo-ACTIVE-white.svg","contentUrl":"https:\/\/activebyserenity.com\/cascais\/wp-content\/uploads\/sites\/8\/2022\/06\/Logo-ACTIVE-white.svg","width":226,"height":68,"caption":"Active - Cascais"},"image":{"@id":"https:\/\/activebyserenity.com\/cascais\/#\/schema\/logo\/image\/"}}]}},"_links":{"self":[{"href":"https:\/\/activebyserenity.com\/cascais\/wp-json\/wp\/v2\/product\/2908","targetHints":{"allow":["GET"]}}],"collection":[{"href":"https:\/\/activebyserenity.com\/cascais\/wp-json\/wp\/v2\/product"}],"about":[{"href":"https:\/\/activebyserenity.com\/cascais\/wp-json\/wp\/v2\/types\/product"}],"replies":[{"embeddable":true,"href":"https:\/\/activebyserenity.com\/cascais\/wp-json\/wp\/v2\/comments?post=2908"}],"wp:attachment":[{"href":"https:\/\/activebyserenity.com\/cascais\/wp-json\/wp\/v2\/media?parent=2908"}],"wp:term":[{"taxonomy":"product_cat","embeddable":true,"href":"https:\/\/activebyserenity.com\/cascais\/wp-json\/wp\/v2\/product_cat?post=2908"},{"taxonomy":"product_tag","embeddable":true,"href":"https:\/\/activebyserenity.com\/cascais\/wp-json\/wp\/v2\/product_tag?post=2908"}],"curies":[{"name":"wp","href":"https:\/\/api.w.org\/{rel}","templated":true}]}}