{"id":1402,"date":"2022-06-22T21:55:26","date_gmt":"2022-06-22T21:55:26","guid":{"rendered":"https:\/\/activebyserenity.com\/lisboa\/?page_id=1402"},"modified":"2022-08-29T15:23:37","modified_gmt":"2022-08-29T15:23:37","slug":"retiros-nutricao","status":"publish","type":"page","link":"https:\/\/activebyserenity.com\/lisboa\/retiros\/nutricao\/","title":{"rendered":"Retiros &#8211; Nutri\u00e7\u00e3o"},"content":{"rendered":"\t\t<div data-elementor-type=\"wp-page\" data-elementor-id=\"1402\" class=\"elementor elementor-1402\" data-elementor-post-type=\"page\">\n\t\t\t\t\t\t<section class=\"elementor-section elementor-top-section elementor-element elementor-element-ea1c5c9 hero-banner booking-banners elementor-section-content-middle elementor-section-full_width elementor-section-height-default elementor-section-height-default\" data-id=\"ea1c5c9\" data-element_type=\"section\" data-settings=\"{&quot;background_background&quot;:&quot;classic&quot;}\">\n\t\t\t\t\t\t<div class=\"elementor-container elementor-column-gap-default\">\n\t\t\t\t\t<div class=\"elementor-column elementor-col-50 elementor-top-column elementor-element elementor-element-f41f11d\" data-id=\"f41f11d\" data-element_type=\"column\">\n\t\t\t<div class=\"elementor-widget-wrap elementor-element-populated\">\n\t\t\t\t\t\t<div class=\"elementor-element elementor-element-b8fd294 elementor-widget elementor-widget-text-editor\" data-id=\"b8fd294\" data-element_type=\"widget\" data-widget_type=\"text-editor.default\">\n\t\t\t\t<div class=\"elementor-widget-container\">\n\t\t\t\t\t\t\t\t\t<h1>ACTIVE<br \/>&#8212;NUTRI\u00c7\u00c3O<\/h1>\t\t\t\t\t\t\t\t<\/div>\n\t\t\t\t<\/div>\n\t\t\t\t<div class=\"elementor-element elementor-element-f631bf7 elementor-widget elementor-widget-text-editor\" data-id=\"f631bf7\" data-element_type=\"widget\" data-widget_type=\"text-editor.default\">\n\t\t\t\t<div class=\"elementor-widget-container\">\n\t\t\t\t\t\t\t\t\t<p>A \u00e1rea da nutri\u00e7\u00e3o dedica-se a analisar o valor nutricional dos alimentos e o seu impacto na nossa sa\u00fade e bem-estar. \u00c9 essencial adequar os nutrientes que consomes, com o tipo de treino que segues. Aconselha-te junto da nossa equipa de profissionais e alcan\u00e7a a melhor vers\u00e3o de ti pr\u00f3prio.<\/p>\t\t\t\t\t\t\t\t<\/div>\n\t\t\t\t<\/div>\n\t\t\t\t<div class=\"elementor-element elementor-element-3f7554e time-table-retreats elementor-widget elementor-widget-text-editor\" data-id=\"3f7554e\" data-element_type=\"widget\" data-widget_type=\"text-editor.default\">\n\t\t\t\t<div class=\"elementor-widget-container\">\n\t\t\t\t\t\t\t\t\t<p><img decoding=\"async\" class=\"alignnone wp-image-62\" src=\"https:\/\/activebyserenity.com\/algarve\/wp-content\/uploads\/sites\/2\/2022\/06\/Icon-awesome-clock.svg\" alt=\"\" width=\"24\" height=\"24\"> Marca uma consulta de nutri\u00e7\u00e3o com os nossos especialistas.<\/p>\t\t\t\t\t\t\t\t<\/div>\n\t\t\t\t<\/div>\n\t\t\t\t<section class=\"elementor-section elementor-inner-section elementor-element elementor-element-68a42f4 elementor-section-content-middle elementor-section-boxed elementor-section-height-default elementor-section-height-default\" data-id=\"68a42f4\" data-element_type=\"section\">\n\t\t\t\t\t\t<div class=\"elementor-container elementor-column-gap-default\">\n\t\t\t\t\t<div class=\"elementor-column elementor-col-100 elementor-inner-column elementor-element elementor-element-9e5303d\" data-id=\"9e5303d\" data-element_type=\"column\">\n\t\t\t<div class=\"elementor-widget-wrap elementor-element-populated\">\n\t\t\t\t\t\t<div class=\"elementor-element elementor-element-6a76c76 elementor-mobile-align-center elementor-widget elementor-widget-button\" data-id=\"6a76c76\" data-element_type=\"widget\" data-widget_type=\"button.default\">\n\t\t\t\t<div class=\"elementor-widget-container\">\n\t\t\t\t\t\t\t\t\t<div class=\"elementor-button-wrapper\">\n\t\t\t\t\t<a class=\"elementor-button elementor-size-sm\" role=\"button\" id=\"book-banner\">\n\t\t\t\t\t\t<span class=\"elementor-button-content-wrapper\">\n\t\t\t\t\t\t\t\t\t<span class=\"elementor-button-text\">Reservas<\/span>\n\t\t\t\t\t<\/span>\n\t\t\t\t\t<\/a>\n\t\t\t\t<\/div>\n\t\t\t\t\t\t\t\t<\/div>\n\t\t\t\t<\/div>\n\t\t\t\t\t<\/div>\n\t\t<\/div>\n\t\t\t\t\t<\/div>\n\t\t<\/section>\n\t\t\t\t\t<\/div>\n\t\t<\/div>\n\t\t\t\t<div class=\"elementor-column elementor-col-50 elementor-top-column elementor-element elementor-element-177a1dc\" data-id=\"177a1dc\" data-element_type=\"column\">\n\t\t\t<div class=\"elementor-widget-wrap elementor-element-populated\">\n\t\t\t\t\t\t<div class=\"elementor-element elementor-element-64a8fc3 elementor-hidden-mobile img-display-style elementor-widget elementor-widget-image\" data-id=\"64a8fc3\" data-element_type=\"widget\" data-widget_type=\"image.default\">\n\t\t\t\t<div class=\"elementor-widget-container\">\n\t\t\t\t\t\t\t\t\t\t\t\t\t\t\t<img fetchpriority=\"high\" decoding=\"async\" width=\"756\" height=\"718\" src=\"https:\/\/activebyserenity.com\/lisboa\/wp-content\/uploads\/sites\/7\/2022\/07\/nutricionista.png\" class=\"attachment-full size-full wp-image-3003\" alt=\"\" srcset=\"https:\/\/activebyserenity.com\/lisboa\/wp-content\/uploads\/sites\/7\/2022\/07\/nutricionista.png 756w, https:\/\/activebyserenity.com\/lisboa\/wp-content\/uploads\/sites\/7\/2022\/07\/nutricionista-300x285.png 300w, https:\/\/activebyserenity.com\/lisboa\/wp-content\/uploads\/sites\/7\/2022\/07\/nutricionista-600x570.png 600w\" sizes=\"(max-width: 756px) 100vw, 756px\" \/>\t\t\t\t\t\t\t\t\t\t\t\t\t\t\t<\/div>\n\t\t\t\t<\/div>\n\t\t\t\t\t<\/div>\n\t\t<\/div>\n\t\t\t\t\t<\/div>\n\t\t<\/section>\n\t\t\t\t<section class=\"elementor-section elementor-top-section elementor-element elementor-element-44cba7c elementor-section-boxed elementor-section-height-default elementor-section-height-default\" data-id=\"44cba7c\" data-element_type=\"section\">\n\t\t\t\t\t\t<div class=\"elementor-container elementor-column-gap-default\">\n\t\t\t\t\t<div class=\"elementor-column elementor-col-100 elementor-top-column elementor-element elementor-element-f446565\" data-id=\"f446565\" data-element_type=\"column\">\n\t\t\t<div class=\"elementor-widget-wrap elementor-element-populated\">\n\t\t\t\t\t\t<div class=\"elementor-element elementor-element-52f810e elementor-widget elementor-widget-template\" data-id=\"52f810e\" data-element_type=\"widget\" data-widget_type=\"template.default\">\n\t\t\t\t<div class=\"elementor-widget-container\">\n\t\t\t\t\t\t\t<div class=\"elementor-template\">\n\t\t\t\t\t<div data-elementor-type=\"section\" data-elementor-id=\"3188\" class=\"elementor elementor-3188\" data-elementor-post-type=\"elementor_library\">\n\t\t\t\t\t<section class=\"elementor-section elementor-top-section elementor-element elementor-element-a49745c breadcrumbs-container elementor-section-boxed elementor-section-height-default elementor-section-height-default\" data-id=\"a49745c\" data-element_type=\"section\">\n\t\t\t\t\t\t<div class=\"elementor-container elementor-column-gap-default\">\n\t\t\t\t\t<div class=\"elementor-column elementor-col-100 elementor-top-column elementor-element elementor-element-22e5863\" data-id=\"22e5863\" data-element_type=\"column\">\n\t\t\t<div class=\"elementor-widget-wrap elementor-element-populated\">\n\t\t\t\t\t\t<div class=\"elementor-element elementor-element-72ba0ea elementor-align-left elementor-widget__width-auto elementor-widget elementor-widget-breadcrumbs\" data-id=\"72ba0ea\" data-element_type=\"widget\" data-widget_type=\"breadcrumbs.default\">\n\t\t\t\t<div class=\"elementor-widget-container\">\n\t\t\t\t\t<p id=\"breadcrumbs\"><\/p>\t\t\t\t<\/div>\n\t\t\t\t<\/div>\n\t\t\t\t\t<\/div>\n\t\t<\/div>\n\t\t\t\t\t<\/div>\n\t\t<\/section>\n\t\t\t\t<\/div>\n\t\t\t\t<\/div>\n\t\t\t\t\t\t<\/div>\n\t\t\t\t<\/div>\n\t\t\t\t\t<\/div>\n\t\t<\/div>\n\t\t\t\t\t<\/div>\n\t\t<\/section>\n\t\t\t\t<section class=\"elementor-section elementor-top-section elementor-element elementor-element-f93d2c0 elementor-section-full_width elementor-section-height-default elementor-section-height-default\" data-id=\"f93d2c0\" data-element_type=\"section\">\n\t\t\t\t\t\t<div class=\"elementor-container elementor-column-gap-default\">\n\t\t\t\t\t<div class=\"elementor-column elementor-col-100 elementor-top-column elementor-element elementor-element-e72e1d9\" data-id=\"e72e1d9\" data-element_type=\"column\">\n\t\t\t<div class=\"elementor-widget-wrap elementor-element-populated\">\n\t\t\t\t\t\t<div class=\"elementor-element elementor-element-f0fbae8 elementor-widget elementor-widget-shortcode\" data-id=\"f0fbae8\" data-element_type=\"widget\" data-widget_type=\"shortcode.default\">\n\t\t\t\t<div class=\"elementor-widget-container\">\n\t\t\t\t\t\t\t<div class=\"elementor-shortcode\"><\/div>\n\t\t\t\t\t\t<\/div>\n\t\t\t\t<\/div>\n\t\t\t\t\t<\/div>\n\t\t<\/div>\n\t\t\t\t\t<\/div>\n\t\t<\/section>\n\t\t\t\t<\/div>\n\t\t","protected":false},"excerpt":{"rendered":"<p>ACTIVE&#8212;NUTRI\u00c7\u00c3O A \u00e1rea da nutri\u00e7\u00e3o dedica-se a analisar o valor nutricional dos alimentos e o seu impacto na nossa sa\u00fade e bem-estar. \u00c9 essencial adequar os nutrientes que consomes, com o tipo de treino que segues. Aconselha-te junto da nossa equipa de profissionais e alcan\u00e7a a melhor vers\u00e3o de ti pr\u00f3prio. Marca uma consulta de [&hellip;]<\/p>\n","protected":false},"author":1,"featured_media":4247,"parent":0,"menu_order":0,"comment_status":"closed","ping_status":"closed","template":"","meta":{"inline_featured_image":false,"footnotes":""},"class_list":["post-1402","page","type-page","status-publish","has-post-thumbnail","hentry"],"yoast_head":"<!-- This site is optimized with the Yoast SEO plugin v24.4 - https:\/\/yoast.com\/wordpress\/plugins\/seo\/ -->\n<title>Retiros - Nutri\u00e7\u00e3o - Active - Lisboa<\/title>\n<meta name=\"robots\" content=\"index, follow, max-snippet:-1, max-image-preview:large, max-video-preview:-1\" \/>\n<link rel=\"canonical\" href=\"https:\/\/activebyserenity.com\/lisboa\/retiros\/nutricao\/\" \/>\n<meta property=\"og:locale\" content=\"en_US\" \/>\n<meta property=\"og:type\" content=\"article\" \/>\n<meta property=\"og:title\" content=\"Retiros - Nutri\u00e7\u00e3o - Active - Lisboa\" \/>\n<meta property=\"og:description\" content=\"ACTIVE&#8212;NUTRI\u00c7\u00c3O A \u00e1rea da nutri\u00e7\u00e3o dedica-se a analisar o valor nutricional dos alimentos e o seu impacto na nossa sa\u00fade e bem-estar. \u00c9 essencial adequar os nutrientes que consomes, com o tipo de treino que segues. Aconselha-te junto da nossa equipa de profissionais e alcan\u00e7a a melhor vers\u00e3o de ti pr\u00f3prio. Marca uma consulta de [&hellip;]\" \/>\n<meta property=\"og:url\" content=\"https:\/\/activebyserenity.com\/lisboa\/retiros\/nutricao\/\" \/>\n<meta property=\"og:site_name\" content=\"Active - Lisboa\" \/>\n<meta property=\"article:modified_time\" content=\"2022-08-29T15:23:37+00:00\" \/>\n<meta property=\"og:image\" content=\"https:\/\/activebyserenity.com\/lisboa\/wp-content\/uploads\/sites\/7\/2022\/08\/Web-1920-\u2013-2.png\" \/>\n\t<meta property=\"og:image:width\" content=\"1920\" \/>\n\t<meta property=\"og:image:height\" content=\"630\" \/>\n\t<meta property=\"og:image:type\" content=\"image\/png\" \/>\n<meta name=\"twitter:card\" content=\"summary_large_image\" \/>\n<meta name=\"twitter:label1\" content=\"Est. reading time\" \/>\n\t<meta name=\"twitter:data1\" content=\"1 minute\" \/>\n<script type=\"application\/ld+json\" class=\"yoast-schema-graph\">{\"@context\":\"https:\/\/schema.org\",\"@graph\":[{\"@type\":\"WebPage\",\"@id\":\"https:\/\/activebyserenity.com\/lisboa\/retiros\/nutricao\/\",\"url\":\"https:\/\/activebyserenity.com\/lisboa\/retiros\/nutricao\/\",\"name\":\"Retiros - Nutri\u00e7\u00e3o - Active - Lisboa\",\"isPartOf\":{\"@id\":\"https:\/\/activebyserenity.com\/lisboa\/#website\"},\"primaryImageOfPage\":{\"@id\":\"https:\/\/activebyserenity.com\/lisboa\/retiros\/nutricao\/#primaryimage\"},\"image\":{\"@id\":\"https:\/\/activebyserenity.com\/lisboa\/retiros\/nutricao\/#primaryimage\"},\"thumbnailUrl\":\"https:\/\/activebyserenity.com\/lisboa\/wp-content\/uploads\/sites\/7\/2022\/08\/Web-1920-\u2013-2.png\",\"datePublished\":\"2022-06-22T21:55:26+00:00\",\"dateModified\":\"2022-08-29T15:23:37+00:00\",\"inLanguage\":\"en-US\",\"potentialAction\":[{\"@type\":\"ReadAction\",\"target\":[\"https:\/\/activebyserenity.com\/lisboa\/retiros\/nutricao\/\"]}]},{\"@type\":\"ImageObject\",\"inLanguage\":\"en-US\",\"@id\":\"https:\/\/activebyserenity.com\/lisboa\/retiros\/nutricao\/#primaryimage\",\"url\":\"https:\/\/activebyserenity.com\/lisboa\/wp-content\/uploads\/sites\/7\/2022\/08\/Web-1920-\u2013-2.png\",\"contentUrl\":\"https:\/\/activebyserenity.com\/lisboa\/wp-content\/uploads\/sites\/7\/2022\/08\/Web-1920-\u2013-2.png\",\"width\":1920,\"height\":630},{\"@type\":\"WebSite\",\"@id\":\"https:\/\/activebyserenity.com\/lisboa\/#website\",\"url\":\"https:\/\/activebyserenity.com\/lisboa\/\",\"name\":\"Active - Lisboa\",\"description\":\"by Serenity\",\"publisher\":{\"@id\":\"https:\/\/activebyserenity.com\/lisboa\/#organization\"},\"potentialAction\":[{\"@type\":\"SearchAction\",\"target\":{\"@type\":\"EntryPoint\",\"urlTemplate\":\"https:\/\/activebyserenity.com\/lisboa\/?s={search_term_string}\"},\"query-input\":{\"@type\":\"PropertyValueSpecification\",\"valueRequired\":true,\"valueName\":\"search_term_string\"}}],\"inLanguage\":\"en-US\"},{\"@type\":\"Organization\",\"@id\":\"https:\/\/activebyserenity.com\/lisboa\/#organization\",\"name\":\"Active - Lisboa\",\"url\":\"https:\/\/activebyserenity.com\/lisboa\/\",\"logo\":{\"@type\":\"ImageObject\",\"inLanguage\":\"en-US\",\"@id\":\"https:\/\/activebyserenity.com\/lisboa\/#\/schema\/logo\/image\/\",\"url\":\"https:\/\/activebyserenity.com\/lisboa\/wp-content\/uploads\/sites\/7\/2022\/06\/Logo-ACTIVE-white.svg\",\"contentUrl\":\"https:\/\/activebyserenity.com\/lisboa\/wp-content\/uploads\/sites\/7\/2022\/06\/Logo-ACTIVE-white.svg\",\"width\":226,\"height\":68,\"caption\":\"Active - Lisboa\"},\"image\":{\"@id\":\"https:\/\/activebyserenity.com\/lisboa\/#\/schema\/logo\/image\/\"}}]}<\/script>\n<!-- \/ Yoast SEO plugin. -->","yoast_head_json":{"title":"Retiros - Nutri\u00e7\u00e3o - Active - Lisboa","robots":{"index":"index","follow":"follow","max-snippet":"max-snippet:-1","max-image-preview":"max-image-preview:large","max-video-preview":"max-video-preview:-1"},"canonical":"https:\/\/activebyserenity.com\/lisboa\/retiros\/nutricao\/","og_locale":"en_US","og_type":"article","og_title":"Retiros - Nutri\u00e7\u00e3o - Active - Lisboa","og_description":"ACTIVE&#8212;NUTRI\u00c7\u00c3O A \u00e1rea da nutri\u00e7\u00e3o dedica-se a analisar o valor nutricional dos alimentos e o seu impacto na nossa sa\u00fade e bem-estar. \u00c9 essencial adequar os nutrientes que consomes, com o tipo de treino que segues. Aconselha-te junto da nossa equipa de profissionais e alcan\u00e7a a melhor vers\u00e3o de ti pr\u00f3prio. Marca uma consulta de [&hellip;]","og_url":"https:\/\/activebyserenity.com\/lisboa\/retiros\/nutricao\/","og_site_name":"Active - Lisboa","article_modified_time":"2022-08-29T15:23:37+00:00","og_image":[{"width":1920,"height":630,"url":"https:\/\/activebyserenity.com\/lisboa\/wp-content\/uploads\/sites\/7\/2022\/08\/Web-1920-\u2013-2.png","type":"image\/png"}],"twitter_card":"summary_large_image","twitter_misc":{"Est. reading time":"1 minute"},"schema":{"@context":"https:\/\/schema.org","@graph":[{"@type":"WebPage","@id":"https:\/\/activebyserenity.com\/lisboa\/retiros\/nutricao\/","url":"https:\/\/activebyserenity.com\/lisboa\/retiros\/nutricao\/","name":"Retiros - Nutri\u00e7\u00e3o - Active - Lisboa","isPartOf":{"@id":"https:\/\/activebyserenity.com\/lisboa\/#website"},"primaryImageOfPage":{"@id":"https:\/\/activebyserenity.com\/lisboa\/retiros\/nutricao\/#primaryimage"},"image":{"@id":"https:\/\/activebyserenity.com\/lisboa\/retiros\/nutricao\/#primaryimage"},"thumbnailUrl":"https:\/\/activebyserenity.com\/lisboa\/wp-content\/uploads\/sites\/7\/2022\/08\/Web-1920-\u2013-2.png","datePublished":"2022-06-22T21:55:26+00:00","dateModified":"2022-08-29T15:23:37+00:00","inLanguage":"en-US","potentialAction":[{"@type":"ReadAction","target":["https:\/\/activebyserenity.com\/lisboa\/retiros\/nutricao\/"]}]},{"@type":"ImageObject","inLanguage":"en-US","@id":"https:\/\/activebyserenity.com\/lisboa\/retiros\/nutricao\/#primaryimage","url":"https:\/\/activebyserenity.com\/lisboa\/wp-content\/uploads\/sites\/7\/2022\/08\/Web-1920-\u2013-2.png","contentUrl":"https:\/\/activebyserenity.com\/lisboa\/wp-content\/uploads\/sites\/7\/2022\/08\/Web-1920-\u2013-2.png","width":1920,"height":630},{"@type":"WebSite","@id":"https:\/\/activebyserenity.com\/lisboa\/#website","url":"https:\/\/activebyserenity.com\/lisboa\/","name":"Active - Lisboa","description":"by Serenity","publisher":{"@id":"https:\/\/activebyserenity.com\/lisboa\/#organization"},"potentialAction":[{"@type":"SearchAction","target":{"@type":"EntryPoint","urlTemplate":"https:\/\/activebyserenity.com\/lisboa\/?s={search_term_string}"},"query-input":{"@type":"PropertyValueSpecification","valueRequired":true,"valueName":"search_term_string"}}],"inLanguage":"en-US"},{"@type":"Organization","@id":"https:\/\/activebyserenity.com\/lisboa\/#organization","name":"Active - Lisboa","url":"https:\/\/activebyserenity.com\/lisboa\/","logo":{"@type":"ImageObject","inLanguage":"en-US","@id":"https:\/\/activebyserenity.com\/lisboa\/#\/schema\/logo\/image\/","url":"https:\/\/activebyserenity.com\/lisboa\/wp-content\/uploads\/sites\/7\/2022\/06\/Logo-ACTIVE-white.svg","contentUrl":"https:\/\/activebyserenity.com\/lisboa\/wp-content\/uploads\/sites\/7\/2022\/06\/Logo-ACTIVE-white.svg","width":226,"height":68,"caption":"Active - Lisboa"},"image":{"@id":"https:\/\/activebyserenity.com\/lisboa\/#\/schema\/logo\/image\/"}}]}},"_links":{"self":[{"href":"https:\/\/activebyserenity.com\/lisboa\/wp-json\/wp\/v2\/pages\/1402","targetHints":{"allow":["GET"]}}],"collection":[{"href":"https:\/\/activebyserenity.com\/lisboa\/wp-json\/wp\/v2\/pages"}],"about":[{"href":"https:\/\/activebyserenity.com\/lisboa\/wp-json\/wp\/v2\/types\/page"}],"author":[{"embeddable":true,"href":"https:\/\/activebyserenity.com\/lisboa\/wp-json\/wp\/v2\/users\/1"}],"replies":[{"embeddable":true,"href":"https:\/\/activebyserenity.com\/lisboa\/wp-json\/wp\/v2\/comments?post=1402"}],"version-history":[{"count":62,"href":"https:\/\/activebyserenity.com\/lisboa\/wp-json\/wp\/v2\/pages\/1402\/revisions"}],"predecessor-version":[{"id":4665,"href":"https:\/\/activebyserenity.com\/lisboa\/wp-json\/wp\/v2\/pages\/1402\/revisions\/4665"}],"wp:featuredmedia":[{"embeddable":true,"href":"https:\/\/activebyserenity.com\/lisboa\/wp-json\/wp\/v2\/media\/4247"}],"wp:attachment":[{"href":"https:\/\/activebyserenity.com\/lisboa\/wp-json\/wp\/v2\/media?parent=1402"}],"curies":[{"name":"wp","href":"https:\/\/api.w.org\/{rel}","templated":true}]}}