{"id":830,"date":"2022-06-21T15:56:18","date_gmt":"2022-06-21T15:56:18","guid":{"rendered":"https:\/\/activebyserenity.com\/lisboa\/?page_id=830"},"modified":"2022-08-29T15:22:04","modified_gmt":"2022-08-29T15:22:04","slug":"retiros-detox","status":"publish","type":"page","link":"https:\/\/activebyserenity.com\/lisboa\/retiros-detox\/","title":{"rendered":"Retiros &#8211; Detox"},"content":{"rendered":"\t\t<div data-elementor-type=\"wp-page\" data-elementor-id=\"830\" class=\"elementor elementor-830\" data-elementor-post-type=\"page\">\n\t\t\t\t\t\t<section class=\"elementor-section elementor-top-section elementor-element elementor-element-899912f hero-banner booking-banners elementor-section-content-middle elementor-section-full_width elementor-section-height-default elementor-section-height-default\" data-id=\"899912f\" data-element_type=\"section\" data-settings=\"{&quot;background_background&quot;:&quot;classic&quot;}\">\n\t\t\t\t\t\t<div class=\"elementor-container elementor-column-gap-default\">\n\t\t\t\t\t<div class=\"elementor-column elementor-col-50 elementor-top-column elementor-element elementor-element-2b3bf5ba\" data-id=\"2b3bf5ba\" data-element_type=\"column\">\n\t\t\t<div class=\"elementor-widget-wrap elementor-element-populated\">\n\t\t\t\t\t\t<div class=\"elementor-element elementor-element-1d2a93d4 elementor-widget elementor-widget-text-editor\" data-id=\"1d2a93d4\" data-element_type=\"widget\" data-widget_type=\"text-editor.default\">\n\t\t\t\t<div class=\"elementor-widget-container\">\n\t\t\t\t\t\t\t\t\t<h1>&#8212;Detox<\/h1>\t\t\t\t\t\t\t\t<\/div>\n\t\t\t\t<\/div>\n\t\t\t\t<div class=\"elementor-element elementor-element-d494bd4 elementor-widget elementor-widget-text-editor\" data-id=\"d494bd4\" data-element_type=\"widget\" data-widget_type=\"text-editor.default\">\n\t\t\t\t<div class=\"elementor-widget-container\">\n\t\t\t\t\t\t\t\t\t<p>Os programas de detox combinam v\u00e1rias terapias, suplementos nutricionais, culin\u00e1ria saud\u00e1vel e aulas de fitness, como uma abordagem integrada para te levar a experienciar a &#8220;leveza do ser&#8221;, enquanto purifica o corpo, a mente e o esp\u00edrito.<\/p><p>Podes ainda optar por colocar o teu telem\u00f3vel numa bolsa e durante 2 noites dedicares um momento a ti, sem interrup\u00e7\u00f5es. Aproveita a experi\u00eancia e reconecta-te com o teu eu interior.<\/p>\t\t\t\t\t\t\t\t<\/div>\n\t\t\t\t<\/div>\n\t\t\t\t<div class=\"elementor-element elementor-element-7fa8066 time-table-retreats elementor-widget elementor-widget-text-editor\" data-id=\"7fa8066\" data-element_type=\"widget\" data-widget_type=\"text-editor.default\">\n\t\t\t\t<div class=\"elementor-widget-container\">\n\t\t\t\t\t\t\t\t\t<p><img decoding=\"async\" class=\"alignnone wp-image-62\" src=\"https:\/\/activebyserenity.com\/algarve\/wp-content\/uploads\/sites\/2\/2022\/06\/Icon-awesome-clock.svg\" alt=\"\" width=\"24\" height=\"24\" \/>\u00a0 Opta por uma das experi\u00eancias de 2, 3, 5 ou 7 noites.<\/p>\t\t\t\t\t\t\t\t<\/div>\n\t\t\t\t<\/div>\n\t\t\t\t<section class=\"elementor-section elementor-inner-section elementor-element elementor-element-9ab7a9d elementor-section-content-middle elementor-section-boxed elementor-section-height-default elementor-section-height-default\" data-id=\"9ab7a9d\" data-element_type=\"section\">\n\t\t\t\t\t\t<div class=\"elementor-container elementor-column-gap-default\">\n\t\t\t\t\t<div class=\"elementor-column elementor-col-50 elementor-inner-column elementor-element elementor-element-39de73f\" data-id=\"39de73f\" data-element_type=\"column\">\n\t\t\t<div class=\"elementor-widget-wrap elementor-element-populated\">\n\t\t\t\t\t\t<div class=\"elementor-element elementor-element-f4faad9 elementor-mobile-align-center elementor-widget elementor-widget-button\" data-id=\"f4faad9\" data-element_type=\"widget\" data-widget_type=\"button.default\">\n\t\t\t\t<div class=\"elementor-widget-container\">\n\t\t\t\t\t\t\t\t\t<div class=\"elementor-button-wrapper\">\n\t\t\t\t\t<a class=\"elementor-button elementor-button-link elementor-size-sm\" href=\"https:\/\/activebyserenity.com\/algarve\/wp-content\/uploads\/sites\/2\/2022\/06\/wellbeing-programs-detox.pdf\">\n\t\t\t\t\t\t<span class=\"elementor-button-content-wrapper\">\n\t\t\t\t\t\t\t\t\t<span class=\"elementor-button-text\">Ver programas<\/span>\n\t\t\t\t\t<\/span>\n\t\t\t\t\t<\/a>\n\t\t\t\t<\/div>\n\t\t\t\t\t\t\t\t<\/div>\n\t\t\t\t<\/div>\n\t\t\t\t\t<\/div>\n\t\t<\/div>\n\t\t\t\t<div class=\"elementor-column elementor-col-50 elementor-inner-column elementor-element elementor-element-096359f\" data-id=\"096359f\" data-element_type=\"column\">\n\t\t\t<div class=\"elementor-widget-wrap elementor-element-populated\">\n\t\t\t\t\t\t<div class=\"elementor-element elementor-element-56f5cb5 elementor-mobile-align-center elementor-widget elementor-widget-button\" data-id=\"56f5cb5\" data-element_type=\"widget\" data-widget_type=\"button.default\">\n\t\t\t\t<div class=\"elementor-widget-container\">\n\t\t\t\t\t\t\t\t\t<div class=\"elementor-button-wrapper\">\n\t\t\t\t\t<a class=\"elementor-button elementor-size-sm\" role=\"button\" id=\"book-banner\">\n\t\t\t\t\t\t<span class=\"elementor-button-content-wrapper\">\n\t\t\t\t\t\t\t\t\t<span class=\"elementor-button-text\">Reservar<\/span>\n\t\t\t\t\t<\/span>\n\t\t\t\t\t<\/a>\n\t\t\t\t<\/div>\n\t\t\t\t\t\t\t\t<\/div>\n\t\t\t\t<\/div>\n\t\t\t\t\t<\/div>\n\t\t<\/div>\n\t\t\t\t\t<\/div>\n\t\t<\/section>\n\t\t\t\t\t<\/div>\n\t\t<\/div>\n\t\t\t\t<div class=\"elementor-column elementor-col-50 elementor-top-column elementor-element elementor-element-1f11f803\" data-id=\"1f11f803\" data-element_type=\"column\">\n\t\t\t<div class=\"elementor-widget-wrap elementor-element-populated\">\n\t\t\t\t\t\t<div class=\"elementor-element elementor-element-50d277d elementor-hidden-mobile elementor-widget elementor-widget-image\" data-id=\"50d277d\" data-element_type=\"widget\" data-widget_type=\"image.default\">\n\t\t\t\t<div class=\"elementor-widget-container\">\n\t\t\t\t\t\t\t\t\t\t\t\t\t\t\t<img fetchpriority=\"high\" decoding=\"async\" width=\"1080\" height=\"1026\" src=\"https:\/\/activebyserenity.com\/lisboa\/wp-content\/uploads\/sites\/7\/2022\/06\/retreats-detox.png\" class=\"attachment-full size-full wp-image-1649\" alt=\"\" srcset=\"https:\/\/activebyserenity.com\/lisboa\/wp-content\/uploads\/sites\/7\/2022\/06\/retreats-detox.png 1080w, https:\/\/activebyserenity.com\/lisboa\/wp-content\/uploads\/sites\/7\/2022\/06\/retreats-detox-300x285.png 300w, https:\/\/activebyserenity.com\/lisboa\/wp-content\/uploads\/sites\/7\/2022\/06\/retreats-detox-1024x973.png 1024w, https:\/\/activebyserenity.com\/lisboa\/wp-content\/uploads\/sites\/7\/2022\/06\/retreats-detox-768x730.png 768w, https:\/\/activebyserenity.com\/lisboa\/wp-content\/uploads\/sites\/7\/2022\/06\/retreats-detox-600x570.png 600w\" sizes=\"(max-width: 1080px) 100vw, 1080px\" \/>\t\t\t\t\t\t\t\t\t\t\t\t\t\t\t<\/div>\n\t\t\t\t<\/div>\n\t\t\t\t\t<\/div>\n\t\t<\/div>\n\t\t\t\t\t<\/div>\n\t\t<\/section>\n\t\t\t\t<section class=\"elementor-section elementor-top-section elementor-element elementor-element-fbaba40 elementor-section-boxed elementor-section-height-default elementor-section-height-default\" data-id=\"fbaba40\" data-element_type=\"section\">\n\t\t\t\t\t\t<div class=\"elementor-container elementor-column-gap-default\">\n\t\t\t\t\t<div class=\"elementor-column elementor-col-100 elementor-top-column elementor-element elementor-element-4b90482\" data-id=\"4b90482\" data-element_type=\"column\">\n\t\t\t<div class=\"elementor-widget-wrap elementor-element-populated\">\n\t\t\t\t\t\t<div class=\"elementor-element elementor-element-b062d16 elementor-widget elementor-widget-template\" data-id=\"b062d16\" data-element_type=\"widget\" data-widget_type=\"template.default\">\n\t\t\t\t<div class=\"elementor-widget-container\">\n\t\t\t\t\t\t\t<div class=\"elementor-template\">\n\t\t\t\t\t<div data-elementor-type=\"section\" data-elementor-id=\"3188\" class=\"elementor elementor-3188\" data-elementor-post-type=\"elementor_library\">\n\t\t\t\t\t<section class=\"elementor-section elementor-top-section elementor-element elementor-element-a49745c breadcrumbs-container elementor-section-boxed elementor-section-height-default elementor-section-height-default\" data-id=\"a49745c\" data-element_type=\"section\">\n\t\t\t\t\t\t<div class=\"elementor-container elementor-column-gap-default\">\n\t\t\t\t\t<div class=\"elementor-column elementor-col-100 elementor-top-column elementor-element elementor-element-22e5863\" data-id=\"22e5863\" data-element_type=\"column\">\n\t\t\t<div class=\"elementor-widget-wrap elementor-element-populated\">\n\t\t\t\t\t\t<div class=\"elementor-element elementor-element-72ba0ea elementor-align-left elementor-widget__width-auto elementor-widget elementor-widget-breadcrumbs\" data-id=\"72ba0ea\" data-element_type=\"widget\" data-widget_type=\"breadcrumbs.default\">\n\t\t\t\t<div class=\"elementor-widget-container\">\n\t\t\t\t\t<p id=\"breadcrumbs\"><\/p>\t\t\t\t<\/div>\n\t\t\t\t<\/div>\n\t\t\t\t\t<\/div>\n\t\t<\/div>\n\t\t\t\t\t<\/div>\n\t\t<\/section>\n\t\t\t\t<\/div>\n\t\t\t\t<\/div>\n\t\t\t\t\t\t<\/div>\n\t\t\t\t<\/div>\n\t\t\t\t\t<\/div>\n\t\t<\/div>\n\t\t\t\t\t<\/div>\n\t\t<\/section>\n\t\t\t\t<section class=\"elementor-section elementor-top-section elementor-element elementor-element-f93d2c0 elementor-section-full_width elementor-section-height-default elementor-section-height-default\" data-id=\"f93d2c0\" data-element_type=\"section\">\n\t\t\t\t\t\t<div class=\"elementor-container elementor-column-gap-default\">\n\t\t\t\t\t<div class=\"elementor-column elementor-col-100 elementor-top-column elementor-element elementor-element-e72e1d9\" data-id=\"e72e1d9\" data-element_type=\"column\">\n\t\t\t<div class=\"elementor-widget-wrap elementor-element-populated\">\n\t\t\t\t\t\t<div class=\"elementor-element elementor-element-f0fbae8 elementor-widget elementor-widget-shortcode\" data-id=\"f0fbae8\" data-element_type=\"widget\" data-widget_type=\"shortcode.default\">\n\t\t\t\t<div class=\"elementor-widget-container\">\n\t\t\t\t\t\t\t<div class=\"elementor-shortcode\"><\/div>\n\t\t\t\t\t\t<\/div>\n\t\t\t\t<\/div>\n\t\t\t\t\t<\/div>\n\t\t<\/div>\n\t\t\t\t\t<\/div>\n\t\t<\/section>\n\t\t\t\t<\/div>\n\t\t","protected":false},"excerpt":{"rendered":"<p>&#8212;Detox Os programas de detox combinam v\u00e1rias terapias, suplementos nutricionais, culin\u00e1ria saud\u00e1vel e aulas de fitness, como uma abordagem integrada para te levar a experienciar a &#8220;leveza do ser&#8221;, enquanto purifica o corpo, a mente e o esp\u00edrito. Podes ainda optar por colocar o teu telem\u00f3vel numa bolsa e durante 2 noites dedicares um momento [&hellip;]<\/p>\n","protected":false},"author":5,"featured_media":4247,"parent":0,"menu_order":0,"comment_status":"closed","ping_status":"open","template":"","meta":{"inline_featured_image":false,"footnotes":""},"class_list":["post-830","page","type-page","status-publish","has-post-thumbnail","hentry"],"yoast_head":"<!-- This site is optimized with the Yoast SEO plugin v24.4 - https:\/\/yoast.com\/wordpress\/plugins\/seo\/ -->\n<title>Retiros - Detox - Active - Lisboa<\/title>\n<meta name=\"robots\" content=\"index, follow, max-snippet:-1, max-image-preview:large, max-video-preview:-1\" \/>\n<link rel=\"canonical\" href=\"https:\/\/activebyserenity.com\/lisboa\/retiros-detox\/\" \/>\n<meta property=\"og:locale\" content=\"en_US\" \/>\n<meta property=\"og:type\" content=\"article\" \/>\n<meta property=\"og:title\" content=\"Retiros - Detox - Active - Lisboa\" \/>\n<meta property=\"og:description\" content=\"&#8212;Detox Os programas de detox combinam v\u00e1rias terapias, suplementos nutricionais, culin\u00e1ria saud\u00e1vel e aulas de fitness, como uma abordagem integrada para te levar a experienciar a &#8220;leveza do ser&#8221;, enquanto purifica o corpo, a mente e o esp\u00edrito. Podes ainda optar por colocar o teu telem\u00f3vel numa bolsa e durante 2 noites dedicares um momento [&hellip;]\" \/>\n<meta property=\"og:url\" content=\"https:\/\/activebyserenity.com\/lisboa\/retiros-detox\/\" \/>\n<meta property=\"og:site_name\" content=\"Active - Lisboa\" \/>\n<meta property=\"article:modified_time\" content=\"2022-08-29T15:22:04+00:00\" \/>\n<meta property=\"og:image\" content=\"https:\/\/activebyserenity.com\/lisboa\/wp-content\/uploads\/sites\/7\/2022\/08\/Web-1920-\u2013-2.png\" \/>\n\t<meta property=\"og:image:width\" content=\"1920\" \/>\n\t<meta property=\"og:image:height\" content=\"630\" \/>\n\t<meta property=\"og:image:type\" content=\"image\/png\" \/>\n<meta name=\"twitter:card\" content=\"summary_large_image\" \/>\n<meta name=\"twitter:label1\" content=\"Est. reading time\" \/>\n\t<meta name=\"twitter:data1\" content=\"1 minute\" \/>\n<script type=\"application\/ld+json\" class=\"yoast-schema-graph\">{\"@context\":\"https:\/\/schema.org\",\"@graph\":[{\"@type\":\"WebPage\",\"@id\":\"https:\/\/activebyserenity.com\/lisboa\/retiros-detox\/\",\"url\":\"https:\/\/activebyserenity.com\/lisboa\/retiros-detox\/\",\"name\":\"Retiros - Detox - Active - Lisboa\",\"isPartOf\":{\"@id\":\"https:\/\/activebyserenity.com\/lisboa\/#website\"},\"primaryImageOfPage\":{\"@id\":\"https:\/\/activebyserenity.com\/lisboa\/retiros-detox\/#primaryimage\"},\"image\":{\"@id\":\"https:\/\/activebyserenity.com\/lisboa\/retiros-detox\/#primaryimage\"},\"thumbnailUrl\":\"https:\/\/activebyserenity.com\/lisboa\/wp-content\/uploads\/sites\/7\/2022\/08\/Web-1920-\u2013-2.png\",\"datePublished\":\"2022-06-21T15:56:18+00:00\",\"dateModified\":\"2022-08-29T15:22:04+00:00\",\"inLanguage\":\"en-US\",\"potentialAction\":[{\"@type\":\"ReadAction\",\"target\":[\"https:\/\/activebyserenity.com\/lisboa\/retiros-detox\/\"]}]},{\"@type\":\"ImageObject\",\"inLanguage\":\"en-US\",\"@id\":\"https:\/\/activebyserenity.com\/lisboa\/retiros-detox\/#primaryimage\",\"url\":\"https:\/\/activebyserenity.com\/lisboa\/wp-content\/uploads\/sites\/7\/2022\/08\/Web-1920-\u2013-2.png\",\"contentUrl\":\"https:\/\/activebyserenity.com\/lisboa\/wp-content\/uploads\/sites\/7\/2022\/08\/Web-1920-\u2013-2.png\",\"width\":1920,\"height\":630},{\"@type\":\"WebSite\",\"@id\":\"https:\/\/activebyserenity.com\/lisboa\/#website\",\"url\":\"https:\/\/activebyserenity.com\/lisboa\/\",\"name\":\"Active - Lisboa\",\"description\":\"by Serenity\",\"publisher\":{\"@id\":\"https:\/\/activebyserenity.com\/lisboa\/#organization\"},\"potentialAction\":[{\"@type\":\"SearchAction\",\"target\":{\"@type\":\"EntryPoint\",\"urlTemplate\":\"https:\/\/activebyserenity.com\/lisboa\/?s={search_term_string}\"},\"query-input\":{\"@type\":\"PropertyValueSpecification\",\"valueRequired\":true,\"valueName\":\"search_term_string\"}}],\"inLanguage\":\"en-US\"},{\"@type\":\"Organization\",\"@id\":\"https:\/\/activebyserenity.com\/lisboa\/#organization\",\"name\":\"Active - Lisboa\",\"url\":\"https:\/\/activebyserenity.com\/lisboa\/\",\"logo\":{\"@type\":\"ImageObject\",\"inLanguage\":\"en-US\",\"@id\":\"https:\/\/activebyserenity.com\/lisboa\/#\/schema\/logo\/image\/\",\"url\":\"https:\/\/activebyserenity.com\/lisboa\/wp-content\/uploads\/sites\/7\/2022\/06\/Logo-ACTIVE-white.svg\",\"contentUrl\":\"https:\/\/activebyserenity.com\/lisboa\/wp-content\/uploads\/sites\/7\/2022\/06\/Logo-ACTIVE-white.svg\",\"width\":226,\"height\":68,\"caption\":\"Active - Lisboa\"},\"image\":{\"@id\":\"https:\/\/activebyserenity.com\/lisboa\/#\/schema\/logo\/image\/\"}}]}<\/script>\n<!-- \/ Yoast SEO plugin. -->","yoast_head_json":{"title":"Retiros - Detox - Active - Lisboa","robots":{"index":"index","follow":"follow","max-snippet":"max-snippet:-1","max-image-preview":"max-image-preview:large","max-video-preview":"max-video-preview:-1"},"canonical":"https:\/\/activebyserenity.com\/lisboa\/retiros-detox\/","og_locale":"en_US","og_type":"article","og_title":"Retiros - Detox - Active - Lisboa","og_description":"&#8212;Detox Os programas de detox combinam v\u00e1rias terapias, suplementos nutricionais, culin\u00e1ria saud\u00e1vel e aulas de fitness, como uma abordagem integrada para te levar a experienciar a &#8220;leveza do ser&#8221;, enquanto purifica o corpo, a mente e o esp\u00edrito. Podes ainda optar por colocar o teu telem\u00f3vel numa bolsa e durante 2 noites dedicares um momento [&hellip;]","og_url":"https:\/\/activebyserenity.com\/lisboa\/retiros-detox\/","og_site_name":"Active - Lisboa","article_modified_time":"2022-08-29T15:22:04+00:00","og_image":[{"width":1920,"height":630,"url":"https:\/\/activebyserenity.com\/lisboa\/wp-content\/uploads\/sites\/7\/2022\/08\/Web-1920-\u2013-2.png","type":"image\/png"}],"twitter_card":"summary_large_image","twitter_misc":{"Est. reading time":"1 minute"},"schema":{"@context":"https:\/\/schema.org","@graph":[{"@type":"WebPage","@id":"https:\/\/activebyserenity.com\/lisboa\/retiros-detox\/","url":"https:\/\/activebyserenity.com\/lisboa\/retiros-detox\/","name":"Retiros - Detox - Active - Lisboa","isPartOf":{"@id":"https:\/\/activebyserenity.com\/lisboa\/#website"},"primaryImageOfPage":{"@id":"https:\/\/activebyserenity.com\/lisboa\/retiros-detox\/#primaryimage"},"image":{"@id":"https:\/\/activebyserenity.com\/lisboa\/retiros-detox\/#primaryimage"},"thumbnailUrl":"https:\/\/activebyserenity.com\/lisboa\/wp-content\/uploads\/sites\/7\/2022\/08\/Web-1920-\u2013-2.png","datePublished":"2022-06-21T15:56:18+00:00","dateModified":"2022-08-29T15:22:04+00:00","inLanguage":"en-US","potentialAction":[{"@type":"ReadAction","target":["https:\/\/activebyserenity.com\/lisboa\/retiros-detox\/"]}]},{"@type":"ImageObject","inLanguage":"en-US","@id":"https:\/\/activebyserenity.com\/lisboa\/retiros-detox\/#primaryimage","url":"https:\/\/activebyserenity.com\/lisboa\/wp-content\/uploads\/sites\/7\/2022\/08\/Web-1920-\u2013-2.png","contentUrl":"https:\/\/activebyserenity.com\/lisboa\/wp-content\/uploads\/sites\/7\/2022\/08\/Web-1920-\u2013-2.png","width":1920,"height":630},{"@type":"WebSite","@id":"https:\/\/activebyserenity.com\/lisboa\/#website","url":"https:\/\/activebyserenity.com\/lisboa\/","name":"Active - Lisboa","description":"by Serenity","publisher":{"@id":"https:\/\/activebyserenity.com\/lisboa\/#organization"},"potentialAction":[{"@type":"SearchAction","target":{"@type":"EntryPoint","urlTemplate":"https:\/\/activebyserenity.com\/lisboa\/?s={search_term_string}"},"query-input":{"@type":"PropertyValueSpecification","valueRequired":true,"valueName":"search_term_string"}}],"inLanguage":"en-US"},{"@type":"Organization","@id":"https:\/\/activebyserenity.com\/lisboa\/#organization","name":"Active - Lisboa","url":"https:\/\/activebyserenity.com\/lisboa\/","logo":{"@type":"ImageObject","inLanguage":"en-US","@id":"https:\/\/activebyserenity.com\/lisboa\/#\/schema\/logo\/image\/","url":"https:\/\/activebyserenity.com\/lisboa\/wp-content\/uploads\/sites\/7\/2022\/06\/Logo-ACTIVE-white.svg","contentUrl":"https:\/\/activebyserenity.com\/lisboa\/wp-content\/uploads\/sites\/7\/2022\/06\/Logo-ACTIVE-white.svg","width":226,"height":68,"caption":"Active - Lisboa"},"image":{"@id":"https:\/\/activebyserenity.com\/lisboa\/#\/schema\/logo\/image\/"}}]}},"_links":{"self":[{"href":"https:\/\/activebyserenity.com\/lisboa\/wp-json\/wp\/v2\/pages\/830","targetHints":{"allow":["GET"]}}],"collection":[{"href":"https:\/\/activebyserenity.com\/lisboa\/wp-json\/wp\/v2\/pages"}],"about":[{"href":"https:\/\/activebyserenity.com\/lisboa\/wp-json\/wp\/v2\/types\/page"}],"author":[{"embeddable":true,"href":"https:\/\/activebyserenity.com\/lisboa\/wp-json\/wp\/v2\/users\/5"}],"replies":[{"embeddable":true,"href":"https:\/\/activebyserenity.com\/lisboa\/wp-json\/wp\/v2\/comments?post=830"}],"version-history":[{"count":40,"href":"https:\/\/activebyserenity.com\/lisboa\/wp-json\/wp\/v2\/pages\/830\/revisions"}],"predecessor-version":[{"id":4659,"href":"https:\/\/activebyserenity.com\/lisboa\/wp-json\/wp\/v2\/pages\/830\/revisions\/4659"}],"wp:featuredmedia":[{"embeddable":true,"href":"https:\/\/activebyserenity.com\/lisboa\/wp-json\/wp\/v2\/media\/4247"}],"wp:attachment":[{"href":"https:\/\/activebyserenity.com\/lisboa\/wp-json\/wp\/v2\/media?parent=830"}],"curies":[{"name":"wp","href":"https:\/\/api.w.org\/{rel}","templated":true}]}}