{"id":2851,"date":"2022-06-30T18:54:52","date_gmt":"2022-06-30T18:54:52","guid":{"rendered":"https:\/\/activebyserenity.com\/lisboa\/?post_type=product&#038;p=2851"},"modified":"2022-07-01T01:19:54","modified_gmt":"2022-07-01T01:19:54","slug":"detox-rapido","status":"publish","type":"product","link":"https:\/\/activebyserenity.com\/lisboa\/product\/detox-rapido\/","title":{"rendered":"Detox R\u00e1pido"},"content":{"rendered":"<ul>\n<li>Avalia\u00e7\u00e3o de Condi\u00e7\u00e3o F\u00edsica com o Personal Trainer<\/li>\n<li>Sess\u00e3o de Personal Training (60min)<\/li>\n<li>Pequeno-Almo\u00e7o (num conceito de alimenta\u00e7\u00e3o saud\u00e1vel)<\/li>\n<li>Consulta de Nutri\u00e7\u00e3o (personalizada com plano para levar para casa)<\/li>\n<li>Sumo Verde Detox<\/li>\n<li>Massagem Desintoxicante (50min)<\/li>\n<li>O\u00e1sis Termal<\/li>\n<li>Almo\u00e7o (num conceito de alimenta\u00e7\u00e3o saud\u00e1vel)<\/li>\n<\/ul>\n","protected":false},"excerpt":{"rendered":"<p>Avalia\u00e7\u00e3o de Condi\u00e7\u00e3o F\u00edsica com o Personal Trainer Sess\u00e3o de Personal Training (60min) Pequeno-Almo\u00e7o (num conceito de alimenta\u00e7\u00e3o saud\u00e1vel) Consulta de Nutri\u00e7\u00e3o (personalizada com plano para levar para casa) Sumo Verde Detox Massagem Desintoxicante (50min) O\u00e1sis Termal Almo\u00e7o (num conceito de alimenta\u00e7\u00e3o saud\u00e1vel)<\/p>\n","protected":false},"featured_media":2991,"comment_status":"open","ping_status":"closed","template":"","meta":{"inline_featured_image":false},"product_cat":[50],"product_tag":[88],"class_list":{"0":"post-2851","1":"product","2":"type-product","3":"status-publish","4":"has-post-thumbnail","6":"product_cat-packages","7":"product_tag-pt","9":"first","10":"instock","11":"shipping-taxable","12":"purchasable","13":"product-type-simple"},"yoast_head":"<!-- This site is optimized with the Yoast SEO plugin v24.4 - https:\/\/yoast.com\/wordpress\/plugins\/seo\/ -->\n<title>Detox R\u00e1pido - Active - Lisboa<\/title>\n<meta name=\"robots\" content=\"index, follow, max-snippet:-1, max-image-preview:large, max-video-preview:-1\" \/>\n<link rel=\"canonical\" href=\"https:\/\/activebyserenity.com\/lisboa\/product\/detox-rapido\/\" \/>\n<meta property=\"og:locale\" content=\"en_US\" \/>\n<meta property=\"og:type\" content=\"article\" \/>\n<meta property=\"og:title\" content=\"Detox R\u00e1pido - Active - Lisboa\" \/>\n<meta property=\"og:description\" content=\"Avalia\u00e7\u00e3o de Condi\u00e7\u00e3o F\u00edsica com o Personal Trainer Sess\u00e3o de Personal Training (60min) Pequeno-Almo\u00e7o (num conceito de alimenta\u00e7\u00e3o saud\u00e1vel) Consulta de Nutri\u00e7\u00e3o (personalizada com plano para levar para casa) Sumo Verde Detox Massagem Desintoxicante (50min) O\u00e1sis Termal Almo\u00e7o (num conceito de alimenta\u00e7\u00e3o saud\u00e1vel)\" \/>\n<meta property=\"og:url\" content=\"https:\/\/activebyserenity.com\/lisboa\/product\/detox-rapido\/\" \/>\n<meta property=\"og:site_name\" content=\"Active - Lisboa\" \/>\n<meta property=\"article:modified_time\" content=\"2022-07-01T01:19:54+00:00\" \/>\n<meta property=\"og:image\" content=\"https:\/\/activebyserenity.com\/lisboa\/wp-content\/uploads\/sites\/7\/2022\/06\/detox-rapido.jpg\" \/>\n\t<meta property=\"og:image:width\" content=\"724\" \/>\n\t<meta property=\"og:image:height\" content=\"440\" \/>\n\t<meta property=\"og:image:type\" content=\"image\/jpeg\" \/>\n<meta name=\"twitter:card\" content=\"summary_large_image\" \/>\n<meta name=\"twitter:label1\" content=\"Est. reading time\" \/>\n\t<meta name=\"twitter:data1\" content=\"1 minute\" \/>\n<script type=\"application\/ld+json\" class=\"yoast-schema-graph\">{\"@context\":\"https:\/\/schema.org\",\"@graph\":[{\"@type\":\"WebPage\",\"@id\":\"https:\/\/activebyserenity.com\/lisboa\/product\/detox-rapido\/\",\"url\":\"https:\/\/activebyserenity.com\/lisboa\/product\/detox-rapido\/\",\"name\":\"Detox R\u00e1pido - Active - Lisboa\",\"isPartOf\":{\"@id\":\"https:\/\/activebyserenity.com\/lisboa\/#website\"},\"primaryImageOfPage\":{\"@id\":\"https:\/\/activebyserenity.com\/lisboa\/product\/detox-rapido\/#primaryimage\"},\"image\":{\"@id\":\"https:\/\/activebyserenity.com\/lisboa\/product\/detox-rapido\/#primaryimage\"},\"thumbnailUrl\":\"https:\/\/activebyserenity.com\/lisboa\/wp-content\/uploads\/sites\/7\/2022\/06\/detox-rapido.jpg\",\"datePublished\":\"2022-06-30T18:54:52+00:00\",\"dateModified\":\"2022-07-01T01:19:54+00:00\",\"breadcrumb\":{\"@id\":\"https:\/\/activebyserenity.com\/lisboa\/product\/detox-rapido\/#breadcrumb\"},\"inLanguage\":\"en-US\",\"potentialAction\":[{\"@type\":\"ReadAction\",\"target\":[\"https:\/\/activebyserenity.com\/lisboa\/product\/detox-rapido\/\"]}]},{\"@type\":\"ImageObject\",\"inLanguage\":\"en-US\",\"@id\":\"https:\/\/activebyserenity.com\/lisboa\/product\/detox-rapido\/#primaryimage\",\"url\":\"https:\/\/activebyserenity.com\/lisboa\/wp-content\/uploads\/sites\/7\/2022\/06\/detox-rapido.jpg\",\"contentUrl\":\"https:\/\/activebyserenity.com\/lisboa\/wp-content\/uploads\/sites\/7\/2022\/06\/detox-rapido.jpg\",\"width\":724,\"height\":440,\"caption\":\"Mulher a relaxar\"},{\"@type\":\"BreadcrumbList\",\"@id\":\"https:\/\/activebyserenity.com\/lisboa\/product\/detox-rapido\/#breadcrumb\",\"itemListElement\":[{\"@type\":\"ListItem\",\"position\":1,\"name\":\"Shop\",\"item\":\"https:\/\/activebyserenity.com\/lisboa\/shop\/\"},{\"@type\":\"ListItem\",\"position\":2,\"name\":\"Detox R\u00e1pido\"}]},{\"@type\":\"WebSite\",\"@id\":\"https:\/\/activebyserenity.com\/lisboa\/#website\",\"url\":\"https:\/\/activebyserenity.com\/lisboa\/\",\"name\":\"Active - Lisboa\",\"description\":\"by Serenity\",\"publisher\":{\"@id\":\"https:\/\/activebyserenity.com\/lisboa\/#organization\"},\"potentialAction\":[{\"@type\":\"SearchAction\",\"target\":{\"@type\":\"EntryPoint\",\"urlTemplate\":\"https:\/\/activebyserenity.com\/lisboa\/?s={search_term_string}\"},\"query-input\":{\"@type\":\"PropertyValueSpecification\",\"valueRequired\":true,\"valueName\":\"search_term_string\"}}],\"inLanguage\":\"en-US\"},{\"@type\":\"Organization\",\"@id\":\"https:\/\/activebyserenity.com\/lisboa\/#organization\",\"name\":\"Active - Lisboa\",\"url\":\"https:\/\/activebyserenity.com\/lisboa\/\",\"logo\":{\"@type\":\"ImageObject\",\"inLanguage\":\"en-US\",\"@id\":\"https:\/\/activebyserenity.com\/lisboa\/#\/schema\/logo\/image\/\",\"url\":\"https:\/\/activebyserenity.com\/lisboa\/wp-content\/uploads\/sites\/7\/2022\/06\/Logo-ACTIVE-white.svg\",\"contentUrl\":\"https:\/\/activebyserenity.com\/lisboa\/wp-content\/uploads\/sites\/7\/2022\/06\/Logo-ACTIVE-white.svg\",\"width\":226,\"height\":68,\"caption\":\"Active - Lisboa\"},\"image\":{\"@id\":\"https:\/\/activebyserenity.com\/lisboa\/#\/schema\/logo\/image\/\"}}]}<\/script>\n<!-- \/ Yoast SEO plugin. -->","yoast_head_json":{"title":"Detox R\u00e1pido - Active - Lisboa","robots":{"index":"index","follow":"follow","max-snippet":"max-snippet:-1","max-image-preview":"max-image-preview:large","max-video-preview":"max-video-preview:-1"},"canonical":"https:\/\/activebyserenity.com\/lisboa\/product\/detox-rapido\/","og_locale":"en_US","og_type":"article","og_title":"Detox R\u00e1pido - Active - Lisboa","og_description":"Avalia\u00e7\u00e3o de Condi\u00e7\u00e3o F\u00edsica com o Personal Trainer Sess\u00e3o de Personal Training (60min) Pequeno-Almo\u00e7o (num conceito de alimenta\u00e7\u00e3o saud\u00e1vel) Consulta de Nutri\u00e7\u00e3o (personalizada com plano para levar para casa) Sumo Verde Detox Massagem Desintoxicante (50min) O\u00e1sis Termal Almo\u00e7o (num conceito de alimenta\u00e7\u00e3o saud\u00e1vel)","og_url":"https:\/\/activebyserenity.com\/lisboa\/product\/detox-rapido\/","og_site_name":"Active - Lisboa","article_modified_time":"2022-07-01T01:19:54+00:00","og_image":[{"width":724,"height":440,"url":"https:\/\/activebyserenity.com\/lisboa\/wp-content\/uploads\/sites\/7\/2022\/06\/detox-rapido.jpg","type":"image\/jpeg"}],"twitter_card":"summary_large_image","twitter_misc":{"Est. reading time":"1 minute"},"schema":{"@context":"https:\/\/schema.org","@graph":[{"@type":"WebPage","@id":"https:\/\/activebyserenity.com\/lisboa\/product\/detox-rapido\/","url":"https:\/\/activebyserenity.com\/lisboa\/product\/detox-rapido\/","name":"Detox R\u00e1pido - Active - Lisboa","isPartOf":{"@id":"https:\/\/activebyserenity.com\/lisboa\/#website"},"primaryImageOfPage":{"@id":"https:\/\/activebyserenity.com\/lisboa\/product\/detox-rapido\/#primaryimage"},"image":{"@id":"https:\/\/activebyserenity.com\/lisboa\/product\/detox-rapido\/#primaryimage"},"thumbnailUrl":"https:\/\/activebyserenity.com\/lisboa\/wp-content\/uploads\/sites\/7\/2022\/06\/detox-rapido.jpg","datePublished":"2022-06-30T18:54:52+00:00","dateModified":"2022-07-01T01:19:54+00:00","breadcrumb":{"@id":"https:\/\/activebyserenity.com\/lisboa\/product\/detox-rapido\/#breadcrumb"},"inLanguage":"en-US","potentialAction":[{"@type":"ReadAction","target":["https:\/\/activebyserenity.com\/lisboa\/product\/detox-rapido\/"]}]},{"@type":"ImageObject","inLanguage":"en-US","@id":"https:\/\/activebyserenity.com\/lisboa\/product\/detox-rapido\/#primaryimage","url":"https:\/\/activebyserenity.com\/lisboa\/wp-content\/uploads\/sites\/7\/2022\/06\/detox-rapido.jpg","contentUrl":"https:\/\/activebyserenity.com\/lisboa\/wp-content\/uploads\/sites\/7\/2022\/06\/detox-rapido.jpg","width":724,"height":440,"caption":"Mulher a relaxar"},{"@type":"BreadcrumbList","@id":"https:\/\/activebyserenity.com\/lisboa\/product\/detox-rapido\/#breadcrumb","itemListElement":[{"@type":"ListItem","position":1,"name":"Shop","item":"https:\/\/activebyserenity.com\/lisboa\/shop\/"},{"@type":"ListItem","position":2,"name":"Detox R\u00e1pido"}]},{"@type":"WebSite","@id":"https:\/\/activebyserenity.com\/lisboa\/#website","url":"https:\/\/activebyserenity.com\/lisboa\/","name":"Active - Lisboa","description":"by Serenity","publisher":{"@id":"https:\/\/activebyserenity.com\/lisboa\/#organization"},"potentialAction":[{"@type":"SearchAction","target":{"@type":"EntryPoint","urlTemplate":"https:\/\/activebyserenity.com\/lisboa\/?s={search_term_string}"},"query-input":{"@type":"PropertyValueSpecification","valueRequired":true,"valueName":"search_term_string"}}],"inLanguage":"en-US"},{"@type":"Organization","@id":"https:\/\/activebyserenity.com\/lisboa\/#organization","name":"Active - Lisboa","url":"https:\/\/activebyserenity.com\/lisboa\/","logo":{"@type":"ImageObject","inLanguage":"en-US","@id":"https:\/\/activebyserenity.com\/lisboa\/#\/schema\/logo\/image\/","url":"https:\/\/activebyserenity.com\/lisboa\/wp-content\/uploads\/sites\/7\/2022\/06\/Logo-ACTIVE-white.svg","contentUrl":"https:\/\/activebyserenity.com\/lisboa\/wp-content\/uploads\/sites\/7\/2022\/06\/Logo-ACTIVE-white.svg","width":226,"height":68,"caption":"Active - Lisboa"},"image":{"@id":"https:\/\/activebyserenity.com\/lisboa\/#\/schema\/logo\/image\/"}}]}},"_links":{"self":[{"href":"https:\/\/activebyserenity.com\/lisboa\/wp-json\/wp\/v2\/product\/2851","targetHints":{"allow":["GET"]}}],"collection":[{"href":"https:\/\/activebyserenity.com\/lisboa\/wp-json\/wp\/v2\/product"}],"about":[{"href":"https:\/\/activebyserenity.com\/lisboa\/wp-json\/wp\/v2\/types\/product"}],"replies":[{"embeddable":true,"href":"https:\/\/activebyserenity.com\/lisboa\/wp-json\/wp\/v2\/comments?post=2851"}],"wp:featuredmedia":[{"embeddable":true,"href":"https:\/\/activebyserenity.com\/lisboa\/wp-json\/wp\/v2\/media\/2991"}],"wp:attachment":[{"href":"https:\/\/activebyserenity.com\/lisboa\/wp-json\/wp\/v2\/media?parent=2851"}],"wp:term":[{"taxonomy":"product_cat","embeddable":true,"href":"https:\/\/activebyserenity.com\/lisboa\/wp-json\/wp\/v2\/product_cat?post=2851"},{"taxonomy":"product_tag","embeddable":true,"href":"https:\/\/activebyserenity.com\/lisboa\/wp-json\/wp\/v2\/product_tag?post=2851"}],"curies":[{"name":"wp","href":"https:\/\/api.w.org\/{rel}","templated":true}]}}