{"id":1981,"date":"2022-06-27T17:13:43","date_gmt":"2022-06-27T17:13:43","guid":{"rendered":"https:\/\/activebyserenity.com\/porto\/?page_id=1981"},"modified":"2022-08-29T14:28:40","modified_gmt":"2022-08-29T14:28:40","slug":"ginasio","status":"publish","type":"page","link":"https:\/\/activebyserenity.com\/porto\/ginasio\/","title":{"rendered":"Gin\u00e1sio"},"content":{"rendered":"\t\t<div data-elementor-type=\"wp-page\" data-elementor-id=\"1981\" class=\"elementor elementor-1981\" data-elementor-post-type=\"page\">\n\t\t\t\t\t\t<section class=\"elementor-section elementor-top-section elementor-element elementor-element-90b945a elementor-section-full_width elementor-section-height-full hero-banner elementor-section-height-default elementor-section-items-middle\" data-id=\"90b945a\" data-element_type=\"section\" data-settings=\"{&quot;background_background&quot;:&quot;classic&quot;}\">\n\t\t\t\t\t\t<div class=\"elementor-container elementor-column-gap-default\">\n\t\t\t\t\t<div class=\"elementor-column elementor-col-100 elementor-top-column elementor-element elementor-element-0c423f2\" data-id=\"0c423f2\" data-element_type=\"column\">\n\t\t\t<div class=\"elementor-widget-wrap elementor-element-populated\">\n\t\t\t\t\t\t<div class=\"elementor-element elementor-element-cb26aea elementor-widget__width-initial elementor-widget elementor-widget-text-editor\" data-id=\"cb26aea\" data-element_type=\"widget\" data-widget_type=\"text-editor.default\">\n\t\t\t\t<div class=\"elementor-widget-container\">\n\t\t\t\t\t\t\t\t\t<h1>Active\u00a0<br \/>&#8212; Gym<\/h1><p>Atreve-te a descobrir o ACTIVE Gym do Porto e ganha inspira\u00e7\u00e3o para as tuas rotinas de exerc\u00edcio.<\/p>\t\t\t\t\t\t\t\t<\/div>\n\t\t\t\t<\/div>\n\t\t\t\t\t<\/div>\n\t\t<\/div>\n\t\t\t\t\t<\/div>\n\t\t<\/section>\n\t\t\t\t<section class=\"elementor-section elementor-top-section elementor-element elementor-element-2d77a33 elementor-section-boxed elementor-section-height-default elementor-section-height-default\" data-id=\"2d77a33\" data-element_type=\"section\">\n\t\t\t\t\t\t<div class=\"elementor-container elementor-column-gap-default\">\n\t\t\t\t\t<div class=\"elementor-column elementor-col-100 elementor-top-column elementor-element elementor-element-cac1706\" data-id=\"cac1706\" data-element_type=\"column\">\n\t\t\t<div class=\"elementor-widget-wrap elementor-element-populated\">\n\t\t\t\t\t\t<div class=\"elementor-element elementor-element-1e3b701 elementor-widget elementor-widget-template\" data-id=\"1e3b701\" data-element_type=\"widget\" data-widget_type=\"template.default\">\n\t\t\t\t<div class=\"elementor-widget-container\">\n\t\t\t\t\t\t\t<div class=\"elementor-template\">\n\t\t\t\t\t<div data-elementor-type=\"section\" data-elementor-id=\"2344\" class=\"elementor elementor-2344\" data-elementor-post-type=\"elementor_library\">\n\t\t\t\t\t<section class=\"elementor-section elementor-top-section elementor-element elementor-element-6aec4dd0 breadcrumbs-container elementor-section-boxed elementor-section-height-default elementor-section-height-default\" data-id=\"6aec4dd0\" data-element_type=\"section\">\n\t\t\t\t\t\t<div class=\"elementor-container elementor-column-gap-default\">\n\t\t\t\t\t<div class=\"elementor-column elementor-col-100 elementor-top-column elementor-element elementor-element-36bea01\" data-id=\"36bea01\" data-element_type=\"column\">\n\t\t\t<div class=\"elementor-widget-wrap elementor-element-populated\">\n\t\t\t\t\t\t<div class=\"elementor-element elementor-element-a50d2a6 elementor-align-left elementor-widget__width-auto elementor-widget elementor-widget-breadcrumbs\" data-id=\"a50d2a6\" data-element_type=\"widget\" data-widget_type=\"breadcrumbs.default\">\n\t\t\t\t<div class=\"elementor-widget-container\">\n\t\t\t\t\t<p id=\"breadcrumbs\"><\/p>\t\t\t\t<\/div>\n\t\t\t\t<\/div>\n\t\t\t\t\t<\/div>\n\t\t<\/div>\n\t\t\t\t\t<\/div>\n\t\t<\/section>\n\t\t\t\t<\/div>\n\t\t\t\t<\/div>\n\t\t\t\t\t\t<\/div>\n\t\t\t\t<\/div>\n\t\t\t\t\t<\/div>\n\t\t<\/div>\n\t\t\t\t\t<\/div>\n\t\t<\/section>\n\t\t\t\t<section class=\"elementor-section elementor-top-section elementor-element elementor-element-02be02d elementor-section-full_width elementor-section-content-middle elementor-section-height-default elementor-section-height-default\" data-id=\"02be02d\" data-element_type=\"section\" data-settings=\"{&quot;background_background&quot;:&quot;classic&quot;}\">\n\t\t\t\t\t\t<div class=\"elementor-container elementor-column-gap-default\">\n\t\t\t\t\t<div class=\"elementor-column elementor-col-50 elementor-top-column elementor-element elementor-element-2237c90\" data-id=\"2237c90\" data-element_type=\"column\" data-settings=\"{&quot;background_background&quot;:&quot;classic&quot;}\">\n\t\t\t<div class=\"elementor-widget-wrap elementor-element-populated\">\n\t\t\t\t\t\t<div class=\"elementor-element elementor-element-12d5466 p-active-gym-style elementor-widget elementor-widget-text-editor\" data-id=\"12d5466\" data-element_type=\"widget\" data-widget_type=\"text-editor.default\">\n\t\t\t\t<div class=\"elementor-widget-container\">\n\t\t\t\t\t\t\t\t\t<h2>O nosso<br \/>&#8212;ACTIVE GYM<\/h2><p>Deixa-te surpreender por um espa\u00e7o moderno, aberto 24 horas por dia, 7 dias por semana, para que nunca falhes um treino. Localizado no piso t\u00e9rreo do YOTEL Porto, est\u00e1 equipado com os mais recentes equipamentos da marca Technogym.<\/p><p>De iniciados a avan\u00e7ados, de treinos mais exigentes a exerc\u00edcios mais serenos, na nossa companhia, vais ter a inspira\u00e7\u00e3o que necessitas para lutares pelos teus objetivos. Sempre ao teu ritmo e ao teu gosto.<\/p>\t\t\t\t\t\t\t\t<\/div>\n\t\t\t\t<\/div>\n\t\t\t\t<div class=\"elementor-element elementor-element-08d2de7 elementor-widget elementor-widget-text-editor\" data-id=\"08d2de7\" data-element_type=\"widget\" data-widget_type=\"text-editor.default\">\n\t\t\t\t<div class=\"elementor-widget-container\">\n\t\t\t\t\t\t\t\t\t<p><img decoding=\"async\" class=\"alignnone wp-image-62\" src=\"https:\/\/activebyserenity.com\/algarve\/wp-content\/uploads\/sites\/2\/2022\/06\/Icon-awesome-clock.svg\" alt=\"\" width=\"24\" height=\"24\" \/>\u00a0 \u00a0Aberto 24\/7<\/p>\t\t\t\t\t\t\t\t<\/div>\n\t\t\t\t<\/div>\n\t\t\t\t<div class=\"elementor-element elementor-element-9e1d5f0 elementor-absolute elementor-hidden-mobile elementor-widget elementor-widget-image\" data-id=\"9e1d5f0\" data-element_type=\"widget\" data-settings=\"{&quot;_position&quot;:&quot;absolute&quot;}\" data-widget_type=\"image.default\">\n\t\t\t\t<div class=\"elementor-widget-container\">\n\t\t\t\t\t\t\t\t\t\t\t\t\t\t\t<img decoding=\"async\" width=\"80\" height=\"80\" src=\"https:\/\/activebyserenity.com\/porto\/wp-content\/uploads\/sites\/6\/2022\/06\/purple-arrow-down.svg\" class=\"attachment-full size-full wp-image-113\" alt=\"\" \/>\t\t\t\t\t\t\t\t\t\t\t\t\t\t\t<\/div>\n\t\t\t\t<\/div>\n\t\t\t\t\t<\/div>\n\t\t<\/div>\n\t\t\t\t<div class=\"elementor-column elementor-col-50 elementor-top-column elementor-element elementor-element-c237aca\" data-id=\"c237aca\" data-element_type=\"column\" data-settings=\"{&quot;background_background&quot;:&quot;classic&quot;}\">\n\t\t\t<div class=\"elementor-widget-wrap elementor-element-populated\">\n\t\t\t\t\t\t<div class=\"elementor-element elementor-element-9602259 img-display-style elementor-widget elementor-widget-image\" data-id=\"9602259\" data-element_type=\"widget\" data-widget_type=\"image.default\">\n\t\t\t\t<div class=\"elementor-widget-container\">\n\t\t\t\t\t\t\t\t\t\t\t\t\t\t\t<img fetchpriority=\"high\" decoding=\"async\" width=\"847\" height=\"842\" src=\"https:\/\/activebyserenity.com\/porto\/wp-content\/uploads\/sites\/6\/2022\/06\/our-space-yotel.png\" class=\"attachment-full size-full wp-image-2159\" alt=\"\" srcset=\"https:\/\/activebyserenity.com\/porto\/wp-content\/uploads\/sites\/6\/2022\/06\/our-space-yotel.png 847w, https:\/\/activebyserenity.com\/porto\/wp-content\/uploads\/sites\/6\/2022\/06\/our-space-yotel-300x298.png 300w, https:\/\/activebyserenity.com\/porto\/wp-content\/uploads\/sites\/6\/2022\/06\/our-space-yotel-150x150.png 150w, https:\/\/activebyserenity.com\/porto\/wp-content\/uploads\/sites\/6\/2022\/06\/our-space-yotel-768x763.png 768w, https:\/\/activebyserenity.com\/porto\/wp-content\/uploads\/sites\/6\/2022\/06\/our-space-yotel-600x596.png 600w, https:\/\/activebyserenity.com\/porto\/wp-content\/uploads\/sites\/6\/2022\/06\/our-space-yotel-100x100.png 100w\" sizes=\"(max-width: 847px) 100vw, 847px\" \/>\t\t\t\t\t\t\t\t\t\t\t\t\t\t\t<\/div>\n\t\t\t\t<\/div>\n\t\t\t\t\t<\/div>\n\t\t<\/div>\n\t\t\t\t\t<\/div>\n\t\t<\/section>\n\t\t\t\t<section class=\"elementor-section elementor-top-section elementor-element elementor-element-37838da elementor-section-full_width elementor-section-height-default elementor-section-height-default\" data-id=\"37838da\" data-element_type=\"section\">\n\t\t\t\t\t\t<div class=\"elementor-container elementor-column-gap-default\">\n\t\t\t\t\t<div class=\"elementor-column elementor-col-100 elementor-top-column elementor-element elementor-element-296ab02\" data-id=\"296ab02\" data-element_type=\"column\">\n\t\t\t<div class=\"elementor-widget-wrap elementor-element-populated\">\n\t\t\t\t\t\t<div class=\"elementor-element elementor-element-478710b elementor-widget elementor-widget-image-carousel\" data-id=\"478710b\" data-element_type=\"widget\" data-settings=\"{&quot;navigation&quot;:&quot;none&quot;,&quot;slides_to_show&quot;:&quot;2&quot;,&quot;image_spacing_custom&quot;:{&quot;unit&quot;:&quot;px&quot;,&quot;size&quot;:&quot;60&quot;,&quot;sizes&quot;:[]},&quot;autoplay&quot;:&quot;yes&quot;,&quot;pause_on_hover&quot;:&quot;yes&quot;,&quot;pause_on_interaction&quot;:&quot;yes&quot;,&quot;autoplay_speed&quot;:5000,&quot;infinite&quot;:&quot;yes&quot;,&quot;speed&quot;:500,&quot;image_spacing_custom_tablet&quot;:{&quot;unit&quot;:&quot;px&quot;,&quot;size&quot;:&quot;&quot;,&quot;sizes&quot;:[]},&quot;image_spacing_custom_mobile&quot;:{&quot;unit&quot;:&quot;px&quot;,&quot;size&quot;:&quot;&quot;,&quot;sizes&quot;:[]}}\" data-widget_type=\"image-carousel.default\">\n\t\t\t\t<div class=\"elementor-widget-container\">\n\t\t\t\t\t\t\t<div class=\"elementor-image-carousel-wrapper swiper\" role=\"region\" aria-roledescription=\"carousel\" aria-label=\"Image Carousel\" dir=\"ltr\">\n\t\t\t<div class=\"elementor-image-carousel swiper-wrapper\" aria-live=\"off\">\n\t\t\t\t\t\t\t\t<div class=\"swiper-slide\" role=\"group\" aria-roledescription=\"slide\" aria-label=\"1 of 2\"><figure class=\"swiper-slide-inner\"><img decoding=\"async\" class=\"swiper-slide-image\" src=\"https:\/\/activebyserenity.com\/porto\/wp-content\/uploads\/sites\/6\/2022\/06\/yotel-porto-gym-couple-2.jpeg\" alt=\"yotel-porto-gym-couple-2\" \/><\/figure><\/div><div class=\"swiper-slide\" role=\"group\" aria-roledescription=\"slide\" aria-label=\"2 of 2\"><figure class=\"swiper-slide-inner\"><img decoding=\"async\" class=\"swiper-slide-image\" src=\"https:\/\/activebyserenity.com\/porto\/wp-content\/uploads\/sites\/6\/2022\/06\/yotel-porto-gym-strenght.jpeg\" alt=\"yotel-porto-gym-strenght\" \/><\/figure><\/div>\t\t\t<\/div>\n\t\t\t\t\t\t\t\n\t\t\t\t\t\t\t\t\t<\/div>\n\t\t\t\t\t\t<\/div>\n\t\t\t\t<\/div>\n\t\t\t\t\t<\/div>\n\t\t<\/div>\n\t\t\t\t\t<\/div>\n\t\t<\/section>\n\t\t\t\t<section class=\"elementor-section elementor-top-section elementor-element elementor-element-bd61d55 elementor-section-full_width elementor-section-height-default elementor-reverse-mobile elementor-section-height-default\" data-id=\"bd61d55\" data-element_type=\"section\">\n\t\t\t\t\t\t<div class=\"elementor-container elementor-column-gap-default\">\n\t\t\t\t\t<div class=\"elementor-column elementor-col-50 elementor-inner-column elementor-element elementor-element-5cc2236\" data-id=\"5cc2236\" data-element_type=\"column\">\n\t\t\t<div class=\"elementor-widget-wrap elementor-element-populated\">\n\t\t\t\t\t\t<div class=\"elementor-element elementor-element-ef4bb01 elementor-widget__width-initial elementor-widget-mobile__width-initial elementor-widget-tablet__width-initial elementor-widget elementor-widget-text-editor\" data-id=\"ef4bb01\" data-element_type=\"widget\" data-widget_type=\"text-editor.default\">\n\t\t\t\t<div class=\"elementor-widget-container\">\n\t\t\t\t\t\t\t\t\t<h2>Equipamento<br \/>&#8212; Technogym<\/h2><p>Os equipamentos de renome mundial da Technogym v\u00e3o-te ajudar a maximizar o teu desempenho no gin\u00e1sio e a atingir os teus objetivos.<\/p><p>Com uma vasta gama de produtos que s\u00e3o perfeitos para todos os n\u00edveis de fitness di\u00e1rios, desde principiantes a profissionais, treinar nunca foi t\u00e3o inspirador. Podes escolher desde treinos mais funcionais at\u00e9 treinos de for\u00e7a, conforme vais descobrindo qual o que mais te motiva para alcan\u00e7ares a melhor vers\u00e3o de ti pr\u00f3prio.<\/p><p>Atreves-te a come\u00e7ar?<\/p>\t\t\t\t\t\t\t\t<\/div>\n\t\t\t\t<\/div>\n\t\t\t\t\t<\/div>\n\t\t<\/div>\n\t\t\t\t<div class=\"elementor-column elementor-col-50 elementor-inner-column elementor-element elementor-element-fda38d9\" data-id=\"fda38d9\" data-element_type=\"column\">\n\t\t\t<div class=\"elementor-widget-wrap elementor-element-populated\">\n\t\t\t\t\t\t<div class=\"elementor-element elementor-element-ac38691 elementor-widget__width-inherit elementor-widget elementor-widget-image\" data-id=\"ac38691\" data-element_type=\"widget\" data-widget_type=\"image.default\">\n\t\t\t\t<div class=\"elementor-widget-container\">\n\t\t\t\t\t\t\t\t\t\t\t\t\t\t\t<img loading=\"lazy\" decoding=\"async\" width=\"1073\" height=\"736\" src=\"https:\/\/activebyserenity.com\/porto\/wp-content\/uploads\/sites\/6\/2022\/06\/technogym-yotel.png\" class=\"attachment-full size-full wp-image-2160\" alt=\"\" srcset=\"https:\/\/activebyserenity.com\/porto\/wp-content\/uploads\/sites\/6\/2022\/06\/technogym-yotel.png 1073w, https:\/\/activebyserenity.com\/porto\/wp-content\/uploads\/sites\/6\/2022\/06\/technogym-yotel-300x206.png 300w, https:\/\/activebyserenity.com\/porto\/wp-content\/uploads\/sites\/6\/2022\/06\/technogym-yotel-1024x702.png 1024w, https:\/\/activebyserenity.com\/porto\/wp-content\/uploads\/sites\/6\/2022\/06\/technogym-yotel-768x527.png 768w, https:\/\/activebyserenity.com\/porto\/wp-content\/uploads\/sites\/6\/2022\/06\/technogym-yotel-600x412.png 600w\" sizes=\"(max-width: 1073px) 100vw, 1073px\" \/>\t\t\t\t\t\t\t\t\t\t\t\t\t\t\t<\/div>\n\t\t\t\t<\/div>\n\t\t\t\t\t<\/div>\n\t\t<\/div>\n\t\t\t\t\t<\/div>\n\t\t<\/section>\n\t\t\t\t<section class=\"elementor-section elementor-top-section elementor-element elementor-element-3e969f1 elementor-section-full_width elementor-section-height-default elementor-section-height-default\" data-id=\"3e969f1\" data-element_type=\"section\">\n\t\t\t\t\t\t<div class=\"elementor-container elementor-column-gap-default\">\n\t\t\t\t\t<div class=\"elementor-column elementor-col-100 elementor-top-column elementor-element elementor-element-92086ce\" data-id=\"92086ce\" data-element_type=\"column\">\n\t\t\t<div class=\"elementor-widget-wrap elementor-element-populated\">\n\t\t\t\t\t\t<div class=\"elementor-element elementor-element-b1449a3 elementor-widget elementor-widget-shortcode\" data-id=\"b1449a3\" data-element_type=\"widget\" data-widget_type=\"shortcode.default\">\n\t\t\t\t<div class=\"elementor-widget-container\">\n\t\t\t\t\t\t\t<div class=\"elementor-shortcode\"><\/div>\n\t\t\t\t\t\t<\/div>\n\t\t\t\t<\/div>\n\t\t\t\t\t<\/div>\n\t\t<\/div>\n\t\t\t\t\t<\/div>\n\t\t<\/section>\n\t\t\t\t<\/div>\n\t\t","protected":false},"excerpt":{"rendered":"<p>Active\u00a0&#8212; Gym Atreve-te a descobrir o ACTIVE Gym do Porto e ganha inspira\u00e7\u00e3o para as tuas rotinas de exerc\u00edcio. O nosso&#8212;ACTIVE GYM Deixa-te surpreender por um espa\u00e7o moderno, aberto 24 horas por dia, 7 dias por semana, para que nunca falhes um treino. Localizado no piso t\u00e9rreo do YOTEL Porto, est\u00e1 equipado com os mais [&hellip;]<\/p>\n","protected":false},"author":5,"featured_media":2598,"parent":0,"menu_order":0,"comment_status":"closed","ping_status":"closed","template":"","meta":{"inline_featured_image":false,"footnotes":""},"class_list":["post-1981","page","type-page","status-publish","has-post-thumbnail","hentry"],"yoast_head":"<!-- This site is optimized with the Yoast SEO plugin v24.4 - https:\/\/yoast.com\/wordpress\/plugins\/seo\/ -->\n<title>Gin\u00e1sio - Active - Porto<\/title>\n<meta name=\"robots\" content=\"index, follow, max-snippet:-1, max-image-preview:large, max-video-preview:-1\" \/>\n<link rel=\"canonical\" href=\"https:\/\/activebyserenity.com\/porto\/ginasio\/\" \/>\n<meta property=\"og:locale\" content=\"en_US\" \/>\n<meta property=\"og:type\" content=\"article\" \/>\n<meta property=\"og:title\" content=\"Gin\u00e1sio - Active - Porto\" \/>\n<meta property=\"og:description\" content=\"Active\u00a0&#8212; Gym Atreve-te a descobrir o ACTIVE Gym do Porto e ganha inspira\u00e7\u00e3o para as tuas rotinas de exerc\u00edcio. O nosso&#8212;ACTIVE GYM Deixa-te surpreender por um espa\u00e7o moderno, aberto 24 horas por dia, 7 dias por semana, para que nunca falhes um treino. Localizado no piso t\u00e9rreo do YOTEL Porto, est\u00e1 equipado com os mais [&hellip;]\" \/>\n<meta property=\"og:url\" content=\"https:\/\/activebyserenity.com\/porto\/ginasio\/\" \/>\n<meta property=\"og:site_name\" content=\"Active - Porto\" \/>\n<meta property=\"article:modified_time\" content=\"2022-08-29T14:28:40+00:00\" \/>\n<meta property=\"og:image\" content=\"https:\/\/activebyserenity.com\/porto\/wp-content\/uploads\/sites\/6\/2022\/08\/Web-1920-\u2013-2.png\" \/>\n\t<meta property=\"og:image:width\" content=\"1920\" \/>\n\t<meta property=\"og:image:height\" content=\"630\" \/>\n\t<meta property=\"og:image:type\" content=\"image\/png\" \/>\n<meta name=\"twitter:card\" content=\"summary_large_image\" \/>\n<meta name=\"twitter:label1\" content=\"Est. reading time\" \/>\n\t<meta name=\"twitter:data1\" content=\"3 minutes\" \/>\n<script type=\"application\/ld+json\" class=\"yoast-schema-graph\">{\"@context\":\"https:\/\/schema.org\",\"@graph\":[{\"@type\":\"WebPage\",\"@id\":\"https:\/\/activebyserenity.com\/porto\/ginasio\/\",\"url\":\"https:\/\/activebyserenity.com\/porto\/ginasio\/\",\"name\":\"Gin\u00e1sio - Active - Porto\",\"isPartOf\":{\"@id\":\"https:\/\/activebyserenity.com\/porto\/#website\"},\"primaryImageOfPage\":{\"@id\":\"https:\/\/activebyserenity.com\/porto\/ginasio\/#primaryimage\"},\"image\":{\"@id\":\"https:\/\/activebyserenity.com\/porto\/ginasio\/#primaryimage\"},\"thumbnailUrl\":\"https:\/\/activebyserenity.com\/porto\/wp-content\/uploads\/sites\/6\/2022\/08\/Web-1920-\u2013-2.png\",\"datePublished\":\"2022-06-27T17:13:43+00:00\",\"dateModified\":\"2022-08-29T14:28:40+00:00\",\"inLanguage\":\"en-US\",\"potentialAction\":[{\"@type\":\"ReadAction\",\"target\":[\"https:\/\/activebyserenity.com\/porto\/ginasio\/\"]}]},{\"@type\":\"ImageObject\",\"inLanguage\":\"en-US\",\"@id\":\"https:\/\/activebyserenity.com\/porto\/ginasio\/#primaryimage\",\"url\":\"https:\/\/activebyserenity.com\/porto\/wp-content\/uploads\/sites\/6\/2022\/08\/Web-1920-\u2013-2.png\",\"contentUrl\":\"https:\/\/activebyserenity.com\/porto\/wp-content\/uploads\/sites\/6\/2022\/08\/Web-1920-\u2013-2.png\",\"width\":1920,\"height\":630},{\"@type\":\"WebSite\",\"@id\":\"https:\/\/activebyserenity.com\/porto\/#website\",\"url\":\"https:\/\/activebyserenity.com\/porto\/\",\"name\":\"Active - Porto\",\"description\":\"by Serenity\",\"publisher\":{\"@id\":\"https:\/\/activebyserenity.com\/porto\/#organization\"},\"potentialAction\":[{\"@type\":\"SearchAction\",\"target\":{\"@type\":\"EntryPoint\",\"urlTemplate\":\"https:\/\/activebyserenity.com\/porto\/?s={search_term_string}\"},\"query-input\":{\"@type\":\"PropertyValueSpecification\",\"valueRequired\":true,\"valueName\":\"search_term_string\"}}],\"inLanguage\":\"en-US\"},{\"@type\":\"Organization\",\"@id\":\"https:\/\/activebyserenity.com\/porto\/#organization\",\"name\":\"Active - Porto\",\"url\":\"https:\/\/activebyserenity.com\/porto\/\",\"logo\":{\"@type\":\"ImageObject\",\"inLanguage\":\"en-US\",\"@id\":\"https:\/\/activebyserenity.com\/porto\/#\/schema\/logo\/image\/\",\"url\":\"https:\/\/activebyserenity.com\/porto\/wp-content\/uploads\/sites\/6\/2022\/06\/Logo-ACTIVE-white.svg\",\"contentUrl\":\"https:\/\/activebyserenity.com\/porto\/wp-content\/uploads\/sites\/6\/2022\/06\/Logo-ACTIVE-white.svg\",\"width\":226,\"height\":68,\"caption\":\"Active - Porto\"},\"image\":{\"@id\":\"https:\/\/activebyserenity.com\/porto\/#\/schema\/logo\/image\/\"}}]}<\/script>\n<!-- \/ Yoast SEO plugin. -->","yoast_head_json":{"title":"Gin\u00e1sio - Active - Porto","robots":{"index":"index","follow":"follow","max-snippet":"max-snippet:-1","max-image-preview":"max-image-preview:large","max-video-preview":"max-video-preview:-1"},"canonical":"https:\/\/activebyserenity.com\/porto\/ginasio\/","og_locale":"en_US","og_type":"article","og_title":"Gin\u00e1sio - Active - Porto","og_description":"Active\u00a0&#8212; Gym Atreve-te a descobrir o ACTIVE Gym do Porto e ganha inspira\u00e7\u00e3o para as tuas rotinas de exerc\u00edcio. O nosso&#8212;ACTIVE GYM Deixa-te surpreender por um espa\u00e7o moderno, aberto 24 horas por dia, 7 dias por semana, para que nunca falhes um treino. Localizado no piso t\u00e9rreo do YOTEL Porto, est\u00e1 equipado com os mais [&hellip;]","og_url":"https:\/\/activebyserenity.com\/porto\/ginasio\/","og_site_name":"Active - Porto","article_modified_time":"2022-08-29T14:28:40+00:00","og_image":[{"width":1920,"height":630,"url":"https:\/\/activebyserenity.com\/porto\/wp-content\/uploads\/sites\/6\/2022\/08\/Web-1920-\u2013-2.png","type":"image\/png"}],"twitter_card":"summary_large_image","twitter_misc":{"Est. reading time":"3 minutes"},"schema":{"@context":"https:\/\/schema.org","@graph":[{"@type":"WebPage","@id":"https:\/\/activebyserenity.com\/porto\/ginasio\/","url":"https:\/\/activebyserenity.com\/porto\/ginasio\/","name":"Gin\u00e1sio - Active - Porto","isPartOf":{"@id":"https:\/\/activebyserenity.com\/porto\/#website"},"primaryImageOfPage":{"@id":"https:\/\/activebyserenity.com\/porto\/ginasio\/#primaryimage"},"image":{"@id":"https:\/\/activebyserenity.com\/porto\/ginasio\/#primaryimage"},"thumbnailUrl":"https:\/\/activebyserenity.com\/porto\/wp-content\/uploads\/sites\/6\/2022\/08\/Web-1920-\u2013-2.png","datePublished":"2022-06-27T17:13:43+00:00","dateModified":"2022-08-29T14:28:40+00:00","inLanguage":"en-US","potentialAction":[{"@type":"ReadAction","target":["https:\/\/activebyserenity.com\/porto\/ginasio\/"]}]},{"@type":"ImageObject","inLanguage":"en-US","@id":"https:\/\/activebyserenity.com\/porto\/ginasio\/#primaryimage","url":"https:\/\/activebyserenity.com\/porto\/wp-content\/uploads\/sites\/6\/2022\/08\/Web-1920-\u2013-2.png","contentUrl":"https:\/\/activebyserenity.com\/porto\/wp-content\/uploads\/sites\/6\/2022\/08\/Web-1920-\u2013-2.png","width":1920,"height":630},{"@type":"WebSite","@id":"https:\/\/activebyserenity.com\/porto\/#website","url":"https:\/\/activebyserenity.com\/porto\/","name":"Active - Porto","description":"by Serenity","publisher":{"@id":"https:\/\/activebyserenity.com\/porto\/#organization"},"potentialAction":[{"@type":"SearchAction","target":{"@type":"EntryPoint","urlTemplate":"https:\/\/activebyserenity.com\/porto\/?s={search_term_string}"},"query-input":{"@type":"PropertyValueSpecification","valueRequired":true,"valueName":"search_term_string"}}],"inLanguage":"en-US"},{"@type":"Organization","@id":"https:\/\/activebyserenity.com\/porto\/#organization","name":"Active - Porto","url":"https:\/\/activebyserenity.com\/porto\/","logo":{"@type":"ImageObject","inLanguage":"en-US","@id":"https:\/\/activebyserenity.com\/porto\/#\/schema\/logo\/image\/","url":"https:\/\/activebyserenity.com\/porto\/wp-content\/uploads\/sites\/6\/2022\/06\/Logo-ACTIVE-white.svg","contentUrl":"https:\/\/activebyserenity.com\/porto\/wp-content\/uploads\/sites\/6\/2022\/06\/Logo-ACTIVE-white.svg","width":226,"height":68,"caption":"Active - Porto"},"image":{"@id":"https:\/\/activebyserenity.com\/porto\/#\/schema\/logo\/image\/"}}]}},"_links":{"self":[{"href":"https:\/\/activebyserenity.com\/porto\/wp-json\/wp\/v2\/pages\/1981","targetHints":{"allow":["GET"]}}],"collection":[{"href":"https:\/\/activebyserenity.com\/porto\/wp-json\/wp\/v2\/pages"}],"about":[{"href":"https:\/\/activebyserenity.com\/porto\/wp-json\/wp\/v2\/types\/page"}],"author":[{"embeddable":true,"href":"https:\/\/activebyserenity.com\/porto\/wp-json\/wp\/v2\/users\/5"}],"replies":[{"embeddable":true,"href":"https:\/\/activebyserenity.com\/porto\/wp-json\/wp\/v2\/comments?post=1981"}],"version-history":[{"count":78,"href":"https:\/\/activebyserenity.com\/porto\/wp-json\/wp\/v2\/pages\/1981\/revisions"}],"predecessor-version":[{"id":2887,"href":"https:\/\/activebyserenity.com\/porto\/wp-json\/wp\/v2\/pages\/1981\/revisions\/2887"}],"wp:featuredmedia":[{"embeddable":true,"href":"https:\/\/activebyserenity.com\/porto\/wp-json\/wp\/v2\/media\/2598"}],"wp:attachment":[{"href":"https:\/\/activebyserenity.com\/porto\/wp-json\/wp\/v2\/media?parent=1981"}],"curies":[{"name":"wp","href":"https:\/\/api.w.org\/{rel}","templated":true}]}}